{"id":776,"date":"2026-04-01T04:00:18","date_gmt":"2026-04-01T04:00:18","guid":{"rendered":"https:\/\/tan-cobra-527191.hostingersite.com\/home\/"},"modified":"2026-04-07T17:19:58","modified_gmt":"2026-04-07T17:19:58","slug":"home","status":"publish","type":"page","link":"https:\/\/aireviewlab.io\/pt_br\/","title":{"rendered":"Avalia\u00e7\u00f5es honestas de ferramentas de IA (testes e percep\u00e7\u00f5es reais)"},"content":{"rendered":"<div data-elementor-type=\"wp-page\" data-elementor-id=\"776\" class=\"elementor elementor-776\" data-elementor-post-type=\"page\">\n\t\t\t\t<div class=\"elementor-element elementor-element-35be94c e-flex e-con-boxed e-con e-parent\" data-id=\"35be94c\" data-element_type=\"container\" data-e-type=\"container\">\n\t\t\t\t\t<div class=\"e-con-inner\">\n\t\t\t\t<div class=\"elementor-element elementor-element-69c1809 elementor-widget elementor-widget-html\" data-id=\"69c1809\" data-element_type=\"widget\" data-e-type=\"widget\" data-widget_type=\"html.default\">\n\t\t\t\t<div class=\"elementor-widget-container\">\n\t\t\t\t\t<section style=\"width:100%; background: linear-gradient(180deg, #dfeff1 0%, #eef7f8 100%); padding: 90px 20px 100px; position: relative; overflow: hidden;\">\r\n  \r\n  <div style=\"max-width: 1200px; margin: 0 auto; text-align: center;\">\r\n    \r\n    <!-- Small label -->\r\n    <div style=\"display:inline-block; margin-bottom: 22px; padding: 8px 18px; border-radius: 999px; background: rgba(14, 116, 120, 0.08); color: #0e7478; font-size: 13px; font-weight: 700; letter-spacing: 0.6px; text-transform: uppercase; font-family: Arial, sans-serif;\">\r\n      Avalia\u00e7\u00f5es honestas de IA\r\n    <\/div>\r\n    \r\n    <!-- Main headline -->\r\n    <h1 style=\"margin: 0 auto 22px; max-width: 980px; font-size: 56px; line-height: 1.12; font-weight: 800; letter-spacing: -1.5px; color: #16233b; font-family: Arial, sans-serif;\">\r\n      Os mais honestos\r\n      <span style=\"color:#0e7478;\">Site de an\u00e1lise de ferramentas de IA<\/span>\r\n      para usu\u00e1rios reais\r\n    <\/h1>\r\n    \r\n    <!-- Subheadline -->\r\n    <p style=\"margin: 0 auto 36px; max-width: 760px; font-size: 20px; line-height: 1.75; color: #4b5563; font-weight: 400; font-family: Arial, sans-serif;\">\r\n     Testamos ferramentas de IA em casos de uso no mundo real, eliminamos os exageros e publicamos avalia\u00e7\u00f5es claras e imparciais para ajud\u00e1-lo a encontrar o que realmente funciona.\r\n    <\/p>\r\n    \r\n    <!-- CTA buttons -->\r\n    <div style=\"display:flex; justify-content:center; align-items:center; gap:16px; flex-wrap:wrap; margin-bottom: 26px;\">\r\n      <a href=\"https:\/\/aireviewlab.io\/pt_br\/ai-tools-reviews\/\" style=\"display:inline-block; background:#16233b; color:#ffffff; text-decoration:none; padding:16px 30px; border-radius:14px; font-size:16px; font-weight:700; font-family:Arial, sans-serif; box-shadow:0 10px 24px rgba(22,35,59,0.18);\">\r\n        Explorar avalia\u00e7\u00f5es\r\n      <\/a>\r\n      \r\n      <a href=\"https:\/\/tan-cobra-527191.hostingersite.com\/about\/\" style=\"display:inline-block; background:transparent; color:#16233b; text-decoration:none; padding:16px 30px; border-radius:14px; font-size:16px; font-weight:700; font-family:Arial, sans-serif; border:1.5px solid rgba(22,35,59,0.16);\">\r\n        Sobre o AIReviewLab\r\n      <\/a>\r\n    <\/div>\r\n    \r\n    <!-- Supporting text -->\r\n    <p style=\"margin:0; font-size:14px; line-height:1.7; color:#6b7280; font-family:Arial, sans-serif;\">\r\n      Testado. Classificado. Comparado. Sem fofura. Sem propaganda paga.\r\n    <\/p>\r\n    \r\n  <\/div>\r\n<\/section>\t\t\t\t<\/div>\n\t\t\t\t<\/div>\n\t\t\t\t\t<\/div>\n\t\t\t\t<\/div>\n\t\t<div class=\"elementor-element elementor-element-42df79c e-flex e-con-boxed e-con e-parent\" data-id=\"42df79c\" data-element_type=\"container\" data-e-type=\"container\">\n\t\t\t\t\t<div class=\"e-con-inner\">\n\t\t\t\t<div class=\"elementor-element elementor-element-b51f63e elementor-grid-1 elementor-posts--thumbnail-left elementor-grid-tablet-2 elementor-grid-mobile-1 elementor-widget elementor-widget-posts\" data-id=\"b51f63e\" data-element_type=\"widget\" data-e-type=\"widget\" data-settings=\"{&quot;classic_columns&quot;:&quot;1&quot;,&quot;classic_columns_tablet&quot;:&quot;2&quot;,&quot;classic_columns_mobile&quot;:&quot;1&quot;,&quot;classic_row_gap&quot;:{&quot;unit&quot;:&quot;px&quot;,&quot;size&quot;:35,&quot;sizes&quot;:[]},&quot;classic_row_gap_tablet&quot;:{&quot;unit&quot;:&quot;px&quot;,&quot;size&quot;:&quot;&quot;,&quot;sizes&quot;:[]},&quot;classic_row_gap_mobile&quot;:{&quot;unit&quot;:&quot;px&quot;,&quot;size&quot;:&quot;&quot;,&quot;sizes&quot;:[]}}\" data-widget_type=\"posts.classic\">\n\t\t\t\t<div class=\"elementor-widget-container\">\n\t\t\t\t\t\t\t<div class=\"elementor-posts-container elementor-posts elementor-posts--skin-classic elementor-grid\" role=\"list\">\n\t\t\t\t<article class=\"elementor-post elementor-grid-item post-2504 post type-post status-publish format-standard has-post-thumbnail hentry category-ai-video\" role=\"listitem\">\n\t\t\t\t<a class=\"elementor-post__thumbnail__link\" href=\"https:\/\/aireviewlab.io\/pt_br\/how-much-does-seedance-2-0-cost\/\" tabindex=\"-1\" >\n\t\t\t<div class=\"elementor-post__thumbnail\"><img fetchpriority=\"high\" decoding=\"async\" width=\"300\" height=\"201\" src=\"https:\/\/aireviewlab.io\/wp-content\/uploads\/2026\/04\/How-Much-Does-Seedance-2.0-Cost-Real-Budgets-for-Creators-300x201.webp\" class=\"attachment-medium size-medium wp-image-2512\" alt=\"how much does seedance 2.0 cost real budgets for creators\" srcset=\"https:\/\/aireviewlab.io\/wp-content\/uploads\/2026\/04\/How-Much-Does-Seedance-2.0-Cost-Real-Budgets-for-Creators-300x201.webp 300w, https:\/\/aireviewlab.io\/wp-content\/uploads\/2026\/04\/How-Much-Does-Seedance-2.0-Cost-Real-Budgets-for-Creators-1024x687.webp 1024w, https:\/\/aireviewlab.io\/wp-content\/uploads\/2026\/04\/How-Much-Does-Seedance-2.0-Cost-Real-Budgets-for-Creators-768x515.webp 768w, https:\/\/aireviewlab.io\/wp-content\/uploads\/2026\/04\/How-Much-Does-Seedance-2.0-Cost-Real-Budgets-for-Creators-1536x1030.webp 1536w, https:\/\/aireviewlab.io\/wp-content\/uploads\/2026\/04\/How-Much-Does-Seedance-2.0-Cost-Real-Budgets-for-Creators-2048x1374.webp 2048w, https:\/\/aireviewlab.io\/wp-content\/uploads\/2026\/04\/How-Much-Does-Seedance-2.0-Cost-Real-Budgets-for-Creators-18x12.webp 18w\" sizes=\"(max-width: 300px) 100vw, 300px\" title=\"O Pollo AI \u00e9 seguro? Explica\u00e7\u00e3o sobre faturamento, privacidade e riscos\"><\/div>\n\t\t<\/a>\n\t\t\t\t<div class=\"elementor-post__text\">\n\t\t\t\t<h2 class=\"elementor-post__title\">\n\t\t\t<a href=\"https:\/\/aireviewlab.io\/pt_br\/how-much-does-seedance-2-0-cost\/\" >\n\t\t\t\tQuanto custa o Seedance 2.0? Or\u00e7amentos reais para criadores\t\t\t<\/a>\n\t\t<\/h2>\n\t\t\t\t<div class=\"elementor-post__meta-data\">\n\t\t\t\t\t<span class=\"elementor-post-date\">\n\t\t\t04\/12\/2026\t\t<\/span>\n\t\t\t\t<span class=\"elementor-post-avatar\">\n\t\t\tNenhum coment\u00e1rio\t\t<\/span>\n\t\t\t\t<\/div>\n\t\t\t\t<div class=\"elementor-post__excerpt\">\n\t\t\t<p>O custo do Seedance 2.0 varia drasticamente, dependendo de como voc\u00ea o acessa. Ao contr\u00e1rio das ferramentas SaaS tradicionais, ele n\u00e3o segue um modelo simples de pre\u00e7os mensais. Em vez disso, opera em um sistema baseado no uso, orientado pelo consumo de computa\u00e7\u00e3o. Com base em testes extensivos e an\u00e1lises de mercado, um \u00fanico v\u00eddeo pode custar<\/p>\n\t\t<\/div>\n\t\t\n\t\t<a class=\"elementor-post__read-more\" href=\"https:\/\/aireviewlab.io\/pt_br\/how-much-does-seedance-2-0-cost\/\" aria-label=\"Leia mais sobre Quanto custa o Seedance 2.0? Or\u00e7amentos reais para criadores\" tabindex=\"-1\" >\n\t\t\tLeia mais \u00bb\t\t<\/a>\n\n\t\t\t\t<\/div>\n\t\t\t\t<\/article>\n\t\t\t\t<article class=\"elementor-post elementor-grid-item post-2469 post type-post status-publish format-standard has-post-thumbnail hentry category-ai-video\" role=\"listitem\">\n\t\t\t\t<a class=\"elementor-post__thumbnail__link\" href=\"https:\/\/aireviewlab.io\/pt_br\/seedance-2-0-prompt-templates\/\" tabindex=\"-1\" >\n\t\t\t<div class=\"elementor-post__thumbnail\"><img decoding=\"async\" width=\"300\" height=\"163\" src=\"https:\/\/aireviewlab.io\/wp-content\/uploads\/2026\/04\/High-Converting-Seedance-2.0-Prompt-Templates-Ads-Music-Videos-Storytelling-300x163.webp\" class=\"attachment-medium size-medium wp-image-2518\" alt=\"high converting seedance 2.0 prompt templates (ads, music videos, storytelling)\" srcset=\"https:\/\/aireviewlab.io\/wp-content\/uploads\/2026\/04\/High-Converting-Seedance-2.0-Prompt-Templates-Ads-Music-Videos-Storytelling-300x163.webp 300w, https:\/\/aireviewlab.io\/wp-content\/uploads\/2026\/04\/High-Converting-Seedance-2.0-Prompt-Templates-Ads-Music-Videos-Storytelling-1024x557.webp 1024w, https:\/\/aireviewlab.io\/wp-content\/uploads\/2026\/04\/High-Converting-Seedance-2.0-Prompt-Templates-Ads-Music-Videos-Storytelling-768x418.webp 768w, https:\/\/aireviewlab.io\/wp-content\/uploads\/2026\/04\/High-Converting-Seedance-2.0-Prompt-Templates-Ads-Music-Videos-Storytelling-18x10.webp 18w, https:\/\/aireviewlab.io\/wp-content\/uploads\/2026\/04\/High-Converting-Seedance-2.0-Prompt-Templates-Ads-Music-Videos-Storytelling.webp 1103w\" sizes=\"(max-width: 300px) 100vw, 300px\" title=\"O Pollo AI \u00e9 seguro? Explica\u00e7\u00e3o sobre faturamento, privacidade e riscos\"><\/div>\n\t\t<\/a>\n\t\t\t\t<div class=\"elementor-post__text\">\n\t\t\t\t<h2 class=\"elementor-post__title\">\n\t\t\t<a href=\"https:\/\/aireviewlab.io\/pt_br\/seedance-2-0-prompt-templates\/\" >\n\t\t\t\tModelos de prompts Seedance 2.0 de alta convers\u00e3o (an\u00fancios, v\u00eddeos musicais, narra\u00e7\u00e3o de hist\u00f3rias)\t\t\t<\/a>\n\t\t<\/h2>\n\t\t\t\t<div class=\"elementor-post__meta-data\">\n\t\t\t\t\t<span class=\"elementor-post-date\">\n\t\t\t04\/12\/2026\t\t<\/span>\n\t\t\t\t<span class=\"elementor-post-avatar\">\n\t\t\tNenhum coment\u00e1rio\t\t<\/span>\n\t\t\t\t<\/div>\n\t\t\t\t<div class=\"elementor-post__excerpt\">\n\t\t\t<p>Se voc\u00ea experimentou o Seedance 2.0 e seus resultados parecem inconsistentes, desajeitados ou aleat\u00f3rios, o problema quase sempre \u00e9 o seu prompt. Depois de testar dezenas de fluxos de trabalho e analisar padr\u00f5es reais de uso, uma coisa ficou clara: o Seedance 2.0 n\u00e3o recompensa a criatividade - ele recompensa a estrutura. Este guia fornece modelos de prompt comprovados e de alta convers\u00e3o que voc\u00ea pode<\/p>\n\t\t<\/div>\n\t\t\n\t\t<a class=\"elementor-post__read-more\" href=\"https:\/\/aireviewlab.io\/pt_br\/seedance-2-0-prompt-templates\/\" aria-label=\"Leia mais sobre Modelos de prompts do Seedance 2.0 de alta convers\u00e3o (an\u00fancios, v\u00eddeos musicais, narra\u00e7\u00e3o de hist\u00f3rias)\" tabindex=\"-1\" >\n\t\t\tLeia mais \u00bb\t\t<\/a>\n\n\t\t\t\t<\/div>\n\t\t\t\t<\/article>\n\t\t\t\t<article class=\"elementor-post elementor-grid-item post-2493 post type-post status-publish format-standard has-post-thumbnail hentry category-ai-video\" role=\"listitem\">\n\t\t\t\t<a class=\"elementor-post__thumbnail__link\" href=\"https:\/\/aireviewlab.io\/pt_br\/best-use-cases-for-seedance-2-0\/\" tabindex=\"-1\" >\n\t\t\t<div class=\"elementor-post__thumbnail\"><img decoding=\"async\" width=\"300\" height=\"201\" src=\"https:\/\/aireviewlab.io\/wp-content\/uploads\/2026\/04\/Best-Use-Cases-for-Seedance-2.0-Real-World-Applications-Practical-Insights-300x201.webp\" class=\"attachment-medium size-medium wp-image-2500\" alt=\"best use cases for seedance 2.0 (real world applications &amp; practical insights)\" srcset=\"https:\/\/aireviewlab.io\/wp-content\/uploads\/2026\/04\/Best-Use-Cases-for-Seedance-2.0-Real-World-Applications-Practical-Insights-300x201.webp 300w, https:\/\/aireviewlab.io\/wp-content\/uploads\/2026\/04\/Best-Use-Cases-for-Seedance-2.0-Real-World-Applications-Practical-Insights-1024x687.webp 1024w, https:\/\/aireviewlab.io\/wp-content\/uploads\/2026\/04\/Best-Use-Cases-for-Seedance-2.0-Real-World-Applications-Practical-Insights-768x515.webp 768w, https:\/\/aireviewlab.io\/wp-content\/uploads\/2026\/04\/Best-Use-Cases-for-Seedance-2.0-Real-World-Applications-Practical-Insights-1536x1030.webp 1536w, https:\/\/aireviewlab.io\/wp-content\/uploads\/2026\/04\/Best-Use-Cases-for-Seedance-2.0-Real-World-Applications-Practical-Insights-2048x1374.webp 2048w, https:\/\/aireviewlab.io\/wp-content\/uploads\/2026\/04\/Best-Use-Cases-for-Seedance-2.0-Real-World-Applications-Practical-Insights-18x12.webp 18w\" sizes=\"(max-width: 300px) 100vw, 300px\" title=\"O Pollo AI \u00e9 seguro? Explica\u00e7\u00e3o sobre faturamento, privacidade e riscos\"><\/div>\n\t\t<\/a>\n\t\t\t\t<div class=\"elementor-post__text\">\n\t\t\t\t<h2 class=\"elementor-post__title\">\n\t\t\t<a href=\"https:\/\/aireviewlab.io\/pt_br\/best-use-cases-for-seedance-2-0\/\" >\n\t\t\t\tMelhores casos de uso do Seedance 2.0 (Aplicativos do mundo real e percep\u00e7\u00f5es pr\u00e1ticas)\t\t\t<\/a>\n\t\t<\/h2>\n\t\t\t\t<div class=\"elementor-post__meta-data\">\n\t\t\t\t\t<span class=\"elementor-post-date\">\n\t\t\t04\/12\/2026\t\t<\/span>\n\t\t\t\t<span class=\"elementor-post-avatar\">\n\t\t\tNenhum coment\u00e1rio\t\t<\/span>\n\t\t\t\t<\/div>\n\t\t\t\t<div class=\"elementor-post__excerpt\">\n\t\t\t<p>Se voc\u00ea estiver tentando descobrir os melhores casos de uso do Seedance 2.0, a resposta curta \u00e9 a seguinte: N\u00e3o se trata de uma ferramenta completa de produ\u00e7\u00e3o de v\u00eddeo. \u00c9 um gerador de cenas de alto desempenho projetado para velocidade, impacto visual e explora\u00e7\u00e3o criativa. Depois de analisar padr\u00f5es reais de uso e testar fluxos de trabalho, um padr\u00e3o claro<\/p>\n\t\t<\/div>\n\t\t\n\t\t<a class=\"elementor-post__read-more\" href=\"https:\/\/aireviewlab.io\/pt_br\/best-use-cases-for-seedance-2-0\/\" aria-label=\"Leia mais sobre Melhores casos de uso do Seedance 2.0 (aplicativos do mundo real e percep\u00e7\u00f5es pr\u00e1ticas)\" tabindex=\"-1\" >\n\t\t\tLeia mais \u00bb\t\t<\/a>\n\n\t\t\t\t<\/div>\n\t\t\t\t<\/article>\n\t\t\t\t<article class=\"elementor-post elementor-grid-item post-2466 post type-post status-publish format-standard has-post-thumbnail hentry category-ai-video\" role=\"listitem\">\n\t\t\t\t<a class=\"elementor-post__thumbnail__link\" href=\"https:\/\/aireviewlab.io\/pt_br\/how-to-use-seedance-2-0\/\" tabindex=\"-1\" >\n\t\t\t<div class=\"elementor-post__thumbnail\"><img loading=\"lazy\" decoding=\"async\" width=\"300\" height=\"201\" src=\"https:\/\/aireviewlab.io\/wp-content\/uploads\/2026\/04\/How-to-Use-Seedance-2.0-2026-Guide-Real-Workflow-Costs-Limitations-Pro-Tips-300x201.webp\" class=\"attachment-medium size-medium wp-image-2475\" alt=\"how to use seedance 2.0 (2026 guide) real workflow, costs, limitations &amp; pro tips\" srcset=\"https:\/\/aireviewlab.io\/wp-content\/uploads\/2026\/04\/How-to-Use-Seedance-2.0-2026-Guide-Real-Workflow-Costs-Limitations-Pro-Tips-300x201.webp 300w, https:\/\/aireviewlab.io\/wp-content\/uploads\/2026\/04\/How-to-Use-Seedance-2.0-2026-Guide-Real-Workflow-Costs-Limitations-Pro-Tips-1024x687.webp 1024w, https:\/\/aireviewlab.io\/wp-content\/uploads\/2026\/04\/How-to-Use-Seedance-2.0-2026-Guide-Real-Workflow-Costs-Limitations-Pro-Tips-768x515.webp 768w, https:\/\/aireviewlab.io\/wp-content\/uploads\/2026\/04\/How-to-Use-Seedance-2.0-2026-Guide-Real-Workflow-Costs-Limitations-Pro-Tips-1536x1030.webp 1536w, https:\/\/aireviewlab.io\/wp-content\/uploads\/2026\/04\/How-to-Use-Seedance-2.0-2026-Guide-Real-Workflow-Costs-Limitations-Pro-Tips-2048x1374.webp 2048w, https:\/\/aireviewlab.io\/wp-content\/uploads\/2026\/04\/How-to-Use-Seedance-2.0-2026-Guide-Real-Workflow-Costs-Limitations-Pro-Tips-18x12.webp 18w\" sizes=\"(max-width: 300px) 100vw, 300px\" title=\"O Pollo AI \u00e9 seguro? Explica\u00e7\u00e3o sobre faturamento, privacidade e riscos\"><\/div>\n\t\t<\/a>\n\t\t\t\t<div class=\"elementor-post__text\">\n\t\t\t\t<h2 class=\"elementor-post__title\">\n\t\t\t<a href=\"https:\/\/aireviewlab.io\/pt_br\/how-to-use-seedance-2-0\/\" >\n\t\t\t\tComo usar o Seedance 2.0 (Guia 2026): Fluxo de trabalho real, custos, limita\u00e7\u00f5es e dicas profissionais\t\t\t<\/a>\n\t\t<\/h2>\n\t\t\t\t<div class=\"elementor-post__meta-data\">\n\t\t\t\t\t<span class=\"elementor-post-date\">\n\t\t\t04\/12\/2026\t\t<\/span>\n\t\t\t\t<span class=\"elementor-post-avatar\">\n\t\t\tNenhum coment\u00e1rio\t\t<\/span>\n\t\t\t\t<\/div>\n\t\t\t\t<div class=\"elementor-post__excerpt\">\n\t\t\t<p>Para usar o Seedance 2.0 de forma eficaz, voc\u00ea precisa dominar seu sistema multimodal \u201cAll-in-one Reference\u201d. Comece acessando uma plataforma compat\u00edvel e fazendo upload de at\u00e9 12 ativos, incluindo imagens, videoclipes, \u00e1udio e prompts de texto. Em seguida, use a estrutura @mention (por exemplo, @Image1 como quadro inicial, @Video1 para orienta\u00e7\u00e3o de movimento) para<\/p>\n\t\t<\/div>\n\t\t\n\t\t<a class=\"elementor-post__read-more\" href=\"https:\/\/aireviewlab.io\/pt_br\/how-to-use-seedance-2-0\/\" aria-label=\"Leia mais sobre Como usar o Seedance 2.0 (Guia 2026): Fluxo de trabalho real, custos, limita\u00e7\u00f5es e dicas profissionais\" tabindex=\"-1\" >\n\t\t\tLeia mais \u00bb\t\t<\/a>\n\n\t\t\t\t<\/div>\n\t\t\t\t<\/article>\n\t\t\t\t<article class=\"elementor-post elementor-grid-item post-2457 post type-post status-publish format-standard has-post-thumbnail hentry category-ai-video\" role=\"listitem\">\n\t\t\t\t<a class=\"elementor-post__thumbnail__link\" href=\"https:\/\/aireviewlab.io\/pt_br\/is-pollo-ai-safe\/\" tabindex=\"-1\" >\n\t\t\t<div class=\"elementor-post__thumbnail\"><img loading=\"lazy\" decoding=\"async\" width=\"300\" height=\"201\" src=\"https:\/\/aireviewlab.io\/wp-content\/uploads\/2026\/04\/Is-Pollo-AI-Safe-Billing-Privacy-Risks-Explained-300x201.webp\" class=\"attachment-medium size-medium wp-image-2460\" alt=\"is pollo ai safe billing, privacy &amp; risks explained\" srcset=\"https:\/\/aireviewlab.io\/wp-content\/uploads\/2026\/04\/Is-Pollo-AI-Safe-Billing-Privacy-Risks-Explained-300x201.webp 300w, https:\/\/aireviewlab.io\/wp-content\/uploads\/2026\/04\/Is-Pollo-AI-Safe-Billing-Privacy-Risks-Explained-1024x687.webp 1024w, https:\/\/aireviewlab.io\/wp-content\/uploads\/2026\/04\/Is-Pollo-AI-Safe-Billing-Privacy-Risks-Explained-768x515.webp 768w, https:\/\/aireviewlab.io\/wp-content\/uploads\/2026\/04\/Is-Pollo-AI-Safe-Billing-Privacy-Risks-Explained-1536x1030.webp 1536w, https:\/\/aireviewlab.io\/wp-content\/uploads\/2026\/04\/Is-Pollo-AI-Safe-Billing-Privacy-Risks-Explained-2048x1374.webp 2048w, https:\/\/aireviewlab.io\/wp-content\/uploads\/2026\/04\/Is-Pollo-AI-Safe-Billing-Privacy-Risks-Explained-18x12.webp 18w\" sizes=\"(max-width: 300px) 100vw, 300px\" title=\"O Pollo AI \u00e9 seguro? Explica\u00e7\u00e3o sobre faturamento, privacidade e riscos\"><\/div>\n\t\t<\/a>\n\t\t\t\t<div class=\"elementor-post__text\">\n\t\t\t\t<h2 class=\"elementor-post__title\">\n\t\t\t<a href=\"https:\/\/aireviewlab.io\/pt_br\/is-pollo-ai-safe\/\" >\n\t\t\t\tO Pollo AI \u00e9 seguro? Explica\u00e7\u00e3o sobre faturamento, privacidade e riscos\t\t\t<\/a>\n\t\t<\/h2>\n\t\t\t\t<div class=\"elementor-post__meta-data\">\n\t\t\t\t\t<span class=\"elementor-post-date\">\n\t\t\t04\/12\/2026\t\t<\/span>\n\t\t\t\t<span class=\"elementor-post-avatar\">\n\t\t\tNenhum coment\u00e1rio\t\t<\/span>\n\t\t\t\t<\/div>\n\t\t\t\t<div class=\"elementor-post__excerpt\">\n\t\t\t<p>Sim, a Pollo AI \u00e9 uma plataforma segura e leg\u00edtima de gera\u00e7\u00e3o de v\u00eddeos com IA desde 2026. Ela \u00e9 de propriedade da COCOSOFT TECHNOLOGY PTE. LTD, uma entidade registrada em Cingapura, e emprega criptografia SSL\/TLS padr\u00e3o do setor para proteger os dados do usu\u00e1rio. A plataforma alcan\u00e7ou a conformidade SOC2 Tipo 2 e adere ao GDPR e ao<\/p>\n\t\t<\/div>\n\t\t\n\t\t<a class=\"elementor-post__read-more\" href=\"https:\/\/aireviewlab.io\/pt_br\/is-pollo-ai-safe\/\" aria-label=\"Leia mais sobre O Pollo AI \u00e9 seguro? Explica\u00e7\u00e3o sobre faturamento, privacidade e riscos\" tabindex=\"-1\" >\n\t\t\tLeia mais \u00bb\t\t<\/a>\n\n\t\t\t\t<\/div>\n\t\t\t\t<\/article>\n\t\t\t\t<\/div>\n\t\t\n\t\t\t\t\t\t<\/div>\n\t\t\t\t<\/div>\n\t\t\t\t\t<\/div>\n\t\t\t\t<\/div>\n\t\t\t\t<\/div>","protected":false},"excerpt":{"rendered":"<p>Avalia\u00e7\u00f5es honestas de IA O site de avalia\u00e7\u00f5es mais honestas de ferramentas de IA para usu\u00e1rios reais Testamos ferramentas de IA em casos de uso reais, eliminamos a propaganda e publicamos avalia\u00e7\u00f5es claras e imparciais para ajud\u00e1-lo a encontrar o que realmente funciona. Explore as avalia\u00e7\u00f5es sobre o AIReviewLab Testado. Classificado. Comparado. Sem fofura. Sem propaganda paga.<\/p>","protected":false},"author":1,"featured_media":0,"parent":0,"menu_order":0,"comment_status":"closed","ping_status":"closed","template":"","meta":{"_seopress_robots_primary_cat":"","_seopress_titles_title":"AIReviewLab: Honest AI Tool Reviews (Real Tests & Insights)","_seopress_titles_desc":"Tired of fake AI rankings? We run real tests on AI tools and publish unbiased reviews. Compare the best AI video, image, and writing tools with real data.","_seopress_robots_index":"","_uag_custom_page_level_css":"","footnotes":""},"class_list":["post-776","page","type-page","status-publish","hentry"],"_hostinger_reach_plugin_has_subscription_block":false,"_hostinger_reach_plugin_is_elementor":false,"uagb_featured_image_src":{"full":false,"thumbnail":false,"medium":false,"medium_large":false,"large":false,"1536x1536":false,"2048x2048":false,"trp-custom-language-flag":false},"uagb_author_info":{"display_name":"Claude Delacroix","author_link":"https:\/\/aireviewlab.io\/pt_br\/author\/cloud-han03gmail-com\/"},"uagb_comment_info":0,"uagb_excerpt":"Honest AI Reviews The Most Honest AI Tools Review Site for Real Users We test AI tools in real-world use cases, cut through the hype, and publish clear, unbiased reviews to help you find what actually works. Explore Reviews About AIReviewLab Tested. Ranked. Compared. No fluff. No paid hype.","_links":{"self":[{"href":"https:\/\/aireviewlab.io\/pt_br\/wp-json\/wp\/v2\/pages\/776","targetHints":{"allow":["GET"]}}],"collection":[{"href":"https:\/\/aireviewlab.io\/pt_br\/wp-json\/wp\/v2\/pages"}],"about":[{"href":"https:\/\/aireviewlab.io\/pt_br\/wp-json\/wp\/v2\/types\/page"}],"author":[{"embeddable":true,"href":"https:\/\/aireviewlab.io\/pt_br\/wp-json\/wp\/v2\/users\/1"}],"replies":[{"embeddable":true,"href":"https:\/\/aireviewlab.io\/pt_br\/wp-json\/wp\/v2\/comments?post=776"}],"version-history":[{"count":33,"href":"https:\/\/aireviewlab.io\/pt_br\/wp-json\/wp\/v2\/pages\/776\/revisions"}],"predecessor-version":[{"id":2374,"href":"https:\/\/aireviewlab.io\/pt_br\/wp-json\/wp\/v2\/pages\/776\/revisions\/2374"}],"wp:attachment":[{"href":"https:\/\/aireviewlab.io\/pt_br\/wp-json\/wp\/v2\/media?parent=776"}],"curies":[{"name":"wp","href":"https:\/\/api.w.org\/{rel}","templated":true}]}}