{"id":1582,"date":"2026-04-01T04:00:18","date_gmt":"2026-04-01T04:00:18","guid":{"rendered":"https:\/\/tan-cobra-527191.hostingersite.com\/contact\/"},"modified":"2026-04-03T00:29:50","modified_gmt":"2026-04-03T00:29:50","slug":"contact","status":"publish","type":"page","link":"https:\/\/aireviewlab.io\/pt_br\/contact\/","title":{"rendered":"Contato"},"content":{"rendered":"<section style=\"max-width: 860px; margin: 0 auto; padding: 40px 20px; font-family: -apple-system, BlinkMacSystemFont, 'Segoe UI', Roboto, Arial, sans-serif; color: #1e293b; line-height: 1.8;\">\n<h1 style=\"font-size: 42px; line-height: 1.2; margin: 0 0 20px; font-weight: 800; color: #0f172a;\">\n    Entre em contato conosco<br \/>\n  <\/h1>\n<p style=\"font-size: 18px; color: #475569; margin: 0 0 28px;\">\n    Deseja entrar em contato com o AIReviewLab? Gostar\u00edamos muito de ouvir de voc\u00ea.\n  <\/p>\n<p style=\"margin: 0 0 20px;\">\n    Se voc\u00ea tiver uma ferramenta que gostaria que analis\u00e1ssemos, uma ideia de parceria comercial ou uma proposta de colabora\u00e7\u00e3o de conte\u00fado, sinta-se \u00e0 vontade para entrar em contato.\n  <\/p>\n<p style=\"margin: 0 0 20px;\">\n    Aceitamos consultas relacionadas a:\n  <\/p>\n<ul style=\"margin: 0 0 28px 22px; padding: 0; color: #334155;\">\n<li style=\"margin-bottom: 8px;\">Solicita\u00e7\u00f5es de revis\u00e3o de ferramentas de IA<\/li>\n<li style=\"margin-bottom: 8px;\">Parcerias comerciais<\/li>\n<li style=\"margin-bottom: 8px;\">Colabora\u00e7\u00f5es de conte\u00fado<\/li>\n<\/ul>\n<div style=\"margin: 32px 0; padding: 22px 24px; background: #f8fafc; border: 1px solid #e2e8f0; border-radius: 14px;\">\n<p style=\"margin: 0 0 10px; font-size: 14px; font-weight: 700; letter-spacing: 0.4px; text-transform: uppercase; color: #0e7490;\">\n      E-mail\n    <\/p>\n<p style=\"margin: 0; font-size: 20px; font-weight: 700;\">\n      <a href=\"mailto:cloud.han03@gmail.com\" style=\"color: #0f172a; text-decoration: none;\"><br \/>\n        cloud.han03@gmail.com<br \/>\n      <\/a>\n    <\/p>\n<\/p><\/div>\n<p style=\"margin: 0; color: #475569;\">\n    Fazemos o poss\u00edvel para responder \u00e0s consultas relevantes o mais r\u00e1pido poss\u00edvel.\n  <\/p>\n<\/section>","protected":false},"excerpt":{"rendered":"<p>Contact Us Want to get in touch with AIReviewLab? We\u2019d love to hear from you. Whether you have a tool you\u2019d like us to review, a business partnership idea, or a content collaboration proposal, feel free to reach out. We welcome inquiries related to: AI tool review requests Business partnerships Content collaborations Email cloud.han03@gmail.com We [&hellip;]<\/p>\n","protected":false},"author":1,"featured_media":0,"parent":0,"menu_order":0,"comment_status":"closed","ping_status":"closed","template":"","meta":{"_seopress_robots_primary_cat":"","_seopress_titles_title":"","_seopress_titles_desc":"","_seopress_robots_index":"","_uag_custom_page_level_css":"","footnotes":""},"class_list":["post-1582","page","type-page","status-publish","hentry"],"_hostinger_reach_plugin_has_subscription_block":false,"_hostinger_reach_plugin_is_elementor":false,"uagb_featured_image_src":{"full":false,"thumbnail":false,"medium":false,"medium_large":false,"large":false,"1536x1536":false,"2048x2048":false,"trp-custom-language-flag":false},"uagb_author_info":{"display_name":"Claude Delacroix","author_link":"https:\/\/aireviewlab.io\/pt_br\/author\/cloud-han03gmail-com\/"},"uagb_comment_info":0,"uagb_excerpt":"Contact Us Want to get in touch with AIReviewLab? We\u2019d love to hear from you. Whether you have a tool you\u2019d like us to review, a business partnership idea, or a content collaboration proposal, feel free to reach out. We welcome inquiries related to: AI tool review requests Business partnerships Content collaborations Email cloud.han03@gmail.com We&hellip;","_links":{"self":[{"href":"https:\/\/aireviewlab.io\/pt_br\/wp-json\/wp\/v2\/pages\/1582","targetHints":{"allow":["GET"]}}],"collection":[{"href":"https:\/\/aireviewlab.io\/pt_br\/wp-json\/wp\/v2\/pages"}],"about":[{"href":"https:\/\/aireviewlab.io\/pt_br\/wp-json\/wp\/v2\/types\/page"}],"author":[{"embeddable":true,"href":"https:\/\/aireviewlab.io\/pt_br\/wp-json\/wp\/v2\/users\/1"}],"replies":[{"embeddable":true,"href":"https:\/\/aireviewlab.io\/pt_br\/wp-json\/wp\/v2\/comments?post=1582"}],"version-history":[{"count":1,"href":"https:\/\/aireviewlab.io\/pt_br\/wp-json\/wp\/v2\/pages\/1582\/revisions"}],"predecessor-version":[{"id":2265,"href":"https:\/\/aireviewlab.io\/pt_br\/wp-json\/wp\/v2\/pages\/1582\/revisions\/2265"}],"wp:attachment":[{"href":"https:\/\/aireviewlab.io\/pt_br\/wp-json\/wp\/v2\/media?parent=1582"}],"curies":[{"name":"wp","href":"https:\/\/api.w.org\/{rel}","templated":true}]}}