{"id":776,"date":"2026-04-01T04:00:18","date_gmt":"2026-04-01T04:00:18","guid":{"rendered":"https:\/\/tan-cobra-527191.hostingersite.com\/home\/"},"modified":"2026-04-07T17:19:58","modified_gmt":"2026-04-07T17:19:58","slug":"home","status":"publish","type":"page","link":"https:\/\/aireviewlab.io\/it\/","title":{"rendered":"Recensioni oneste di strumenti di intelligenza artificiale (test e approfondimenti reali)"},"content":{"rendered":"<div data-elementor-type=\"wp-page\" data-elementor-id=\"776\" class=\"elementor elementor-776\" data-elementor-post-type=\"page\">\n\t\t\t\t<div class=\"elementor-element elementor-element-35be94c e-flex e-con-boxed e-con e-parent\" data-id=\"35be94c\" data-element_type=\"container\" data-e-type=\"container\">\n\t\t\t\t\t<div class=\"e-con-inner\">\n\t\t\t\t<div class=\"elementor-element elementor-element-69c1809 elementor-widget elementor-widget-html\" data-id=\"69c1809\" data-element_type=\"widget\" data-e-type=\"widget\" data-widget_type=\"html.default\">\n\t\t\t\t<div class=\"elementor-widget-container\">\n\t\t\t\t\t<section style=\"width:100%; background: linear-gradient(180deg, #dfeff1 0%, #eef7f8 100%); padding: 90px 20px 100px; position: relative; overflow: hidden;\">\r\n  \r\n  <div style=\"max-width: 1200px; margin: 0 auto; text-align: center;\">\r\n    \r\n    <!-- Small label -->\r\n    <div style=\"display:inline-block; margin-bottom: 22px; padding: 8px 18px; border-radius: 999px; background: rgba(14, 116, 120, 0.08); color: #0e7478; font-size: 13px; font-weight: 700; letter-spacing: 0.6px; text-transform: uppercase; font-family: Arial, sans-serif;\">\r\n      Recensioni oneste sull'intelligenza artificiale\r\n    <\/div>\r\n    \r\n    <!-- Main headline -->\r\n    <h1 style=\"margin: 0 auto 22px; max-width: 980px; font-size: 56px; line-height: 1.12; font-weight: 800; letter-spacing: -1.5px; color: #16233b; font-family: Arial, sans-serif;\">\r\n      Il pi\u00f9 onesto\r\n      <span style=\"color:#0e7478;\">Sito di revisione degli strumenti AI<\/span>\r\n      per utenti reali\r\n    <\/h1>\r\n    \r\n    <!-- Subheadline -->\r\n    <p style=\"margin: 0 auto 36px; max-width: 760px; font-size: 20px; line-height: 1.75; color: #4b5563; font-weight: 400; font-family: Arial, sans-serif;\">\r\n     Testiamo gli strumenti di intelligenza artificiale in casi d'uso reali, eliminiamo la pubblicit\u00e0 e pubblichiamo recensioni chiare e imparziali per aiutarvi a trovare ci\u00f2 che funziona davvero.\r\n    <\/p>\r\n    \r\n    <!-- CTA buttons -->\r\n    <div style=\"display:flex; justify-content:center; align-items:center; gap:16px; flex-wrap:wrap; margin-bottom: 26px;\">\r\n      <a href=\"https:\/\/aireviewlab.io\/it\/ai-tools-reviews\/\" style=\"display:inline-block; background:#16233b; color:#ffffff; text-decoration:none; padding:16px 30px; border-radius:14px; font-size:16px; font-weight:700; font-family:Arial, sans-serif; box-shadow:0 10px 24px rgba(22,35,59,0.18);\">\r\n        Esplora le recensioni\r\n      <\/a>\r\n      \r\n      <a href=\"https:\/\/tan-cobra-527191.hostingersite.com\/about\/\" style=\"display:inline-block; background:transparent; color:#16233b; text-decoration:none; padding:16px 30px; border-radius:14px; font-size:16px; font-weight:700; font-family:Arial, sans-serif; border:1.5px solid rgba(22,35,59,0.16);\">\r\n        Informazioni su AIReviewLab\r\n      <\/a>\r\n    <\/div>\r\n    \r\n    <!-- Supporting text -->\r\n    <p style=\"margin:0; font-size:14px; line-height:1.7; color:#6b7280; font-family:Arial, sans-serif;\">\r\n      Testato. Classificato. Confrontati. Nessuna sottigliezza. Nessuna pubblicit\u00e0 a pagamento.\r\n    <\/p>\r\n    \r\n  <\/div>\r\n<\/section>\t\t\t\t<\/div>\n\t\t\t\t<\/div>\n\t\t\t\t\t<\/div>\n\t\t\t\t<\/div>\n\t\t<div class=\"elementor-element elementor-element-42df79c e-flex e-con-boxed e-con e-parent\" data-id=\"42df79c\" data-element_type=\"container\" data-e-type=\"container\">\n\t\t\t\t\t<div class=\"e-con-inner\">\n\t\t\t\t<div class=\"elementor-element elementor-element-b51f63e elementor-grid-1 elementor-posts--thumbnail-left elementor-grid-tablet-2 elementor-grid-mobile-1 elementor-widget elementor-widget-posts\" data-id=\"b51f63e\" data-element_type=\"widget\" data-e-type=\"widget\" data-settings=\"{&quot;classic_columns&quot;:&quot;1&quot;,&quot;classic_columns_tablet&quot;:&quot;2&quot;,&quot;classic_columns_mobile&quot;:&quot;1&quot;,&quot;classic_row_gap&quot;:{&quot;unit&quot;:&quot;px&quot;,&quot;size&quot;:35,&quot;sizes&quot;:[]},&quot;classic_row_gap_tablet&quot;:{&quot;unit&quot;:&quot;px&quot;,&quot;size&quot;:&quot;&quot;,&quot;sizes&quot;:[]},&quot;classic_row_gap_mobile&quot;:{&quot;unit&quot;:&quot;px&quot;,&quot;size&quot;:&quot;&quot;,&quot;sizes&quot;:[]}}\" data-widget_type=\"posts.classic\">\n\t\t\t\t<div class=\"elementor-widget-container\">\n\t\t\t\t\t\t\t<div class=\"elementor-posts-container elementor-posts elementor-posts--skin-classic elementor-grid\" role=\"list\">\n\t\t\t\t<article class=\"elementor-post elementor-grid-item post-2504 post type-post status-publish format-standard has-post-thumbnail hentry category-ai-video\" role=\"listitem\">\n\t\t\t\t<a class=\"elementor-post__thumbnail__link\" href=\"https:\/\/aireviewlab.io\/it\/how-much-does-seedance-2-0-cost\/\" tabindex=\"-1\" >\n\t\t\t<div class=\"elementor-post__thumbnail\"><img fetchpriority=\"high\" decoding=\"async\" width=\"300\" height=\"201\" src=\"https:\/\/aireviewlab.io\/wp-content\/uploads\/2026\/04\/How-Much-Does-Seedance-2.0-Cost-Real-Budgets-for-Creators-300x201.webp\" class=\"attachment-medium size-medium wp-image-2512\" alt=\"how much does seedance 2.0 cost real budgets for creators\" srcset=\"https:\/\/aireviewlab.io\/wp-content\/uploads\/2026\/04\/How-Much-Does-Seedance-2.0-Cost-Real-Budgets-for-Creators-300x201.webp 300w, https:\/\/aireviewlab.io\/wp-content\/uploads\/2026\/04\/How-Much-Does-Seedance-2.0-Cost-Real-Budgets-for-Creators-1024x687.webp 1024w, https:\/\/aireviewlab.io\/wp-content\/uploads\/2026\/04\/How-Much-Does-Seedance-2.0-Cost-Real-Budgets-for-Creators-768x515.webp 768w, https:\/\/aireviewlab.io\/wp-content\/uploads\/2026\/04\/How-Much-Does-Seedance-2.0-Cost-Real-Budgets-for-Creators-1536x1030.webp 1536w, https:\/\/aireviewlab.io\/wp-content\/uploads\/2026\/04\/How-Much-Does-Seedance-2.0-Cost-Real-Budgets-for-Creators-2048x1374.webp 2048w, https:\/\/aireviewlab.io\/wp-content\/uploads\/2026\/04\/How-Much-Does-Seedance-2.0-Cost-Real-Budgets-for-Creators-18x12.webp 18w\" sizes=\"(max-width: 300px) 100vw, 300px\" title=\"Pollo AI \u00e8 sicuro? Fatturazione, privacy e rischi spiegati\"><\/div>\n\t\t<\/a>\n\t\t\t\t<div class=\"elementor-post__text\">\n\t\t\t\t<h2 class=\"elementor-post__title\">\n\t\t\t<a href=\"https:\/\/aireviewlab.io\/it\/how-much-does-seedance-2-0-cost\/\" >\n\t\t\t\tQuanto costa Seedance 2.0? Bilanci reali per i creatori\t\t\t<\/a>\n\t\t<\/h2>\n\t\t\t\t<div class=\"elementor-post__meta-data\">\n\t\t\t\t\t<span class=\"elementor-post-date\">\n\t\t\t04\/12\/2026\t\t<\/span>\n\t\t\t\t<span class=\"elementor-post-avatar\">\n\t\t\tNessun commento\t\t<\/span>\n\t\t\t\t<\/div>\n\t\t\t\t<div class=\"elementor-post__excerpt\">\n\t\t\t<p>Il costo di Seedance 2.0 varia notevolmente a seconda delle modalit\u00e0 di accesso. A differenza degli strumenti SaaS tradizionali, non segue un semplice modello di prezzo mensile. Al contrario, funziona con un sistema basato sull'uso e sul consumo di calcolo. Sulla base di test approfonditi e di analisi di mercato, un singolo video pu\u00f2 costare ovunque<\/p>\n\t\t<\/div>\n\t\t\n\t\t<a class=\"elementor-post__read-more\" href=\"https:\/\/aireviewlab.io\/it\/how-much-does-seedance-2-0-cost\/\" aria-label=\"Leggi tutto su Quanto costa Seedance 2.0? Bilanci reali per i creatori\" tabindex=\"-1\" >\n\t\t\tContinua a leggere \u00bb\t\t<\/a>\n\n\t\t\t\t<\/div>\n\t\t\t\t<\/article>\n\t\t\t\t<article class=\"elementor-post elementor-grid-item post-2469 post type-post status-publish format-standard has-post-thumbnail hentry category-ai-video\" role=\"listitem\">\n\t\t\t\t<a class=\"elementor-post__thumbnail__link\" href=\"https:\/\/aireviewlab.io\/it\/seedance-2-0-prompt-templates\/\" tabindex=\"-1\" >\n\t\t\t<div class=\"elementor-post__thumbnail\"><img decoding=\"async\" width=\"300\" height=\"163\" src=\"https:\/\/aireviewlab.io\/wp-content\/uploads\/2026\/04\/High-Converting-Seedance-2.0-Prompt-Templates-Ads-Music-Videos-Storytelling-300x163.webp\" class=\"attachment-medium size-medium wp-image-2518\" alt=\"high converting seedance 2.0 prompt templates (ads, music videos, storytelling)\" srcset=\"https:\/\/aireviewlab.io\/wp-content\/uploads\/2026\/04\/High-Converting-Seedance-2.0-Prompt-Templates-Ads-Music-Videos-Storytelling-300x163.webp 300w, https:\/\/aireviewlab.io\/wp-content\/uploads\/2026\/04\/High-Converting-Seedance-2.0-Prompt-Templates-Ads-Music-Videos-Storytelling-1024x557.webp 1024w, https:\/\/aireviewlab.io\/wp-content\/uploads\/2026\/04\/High-Converting-Seedance-2.0-Prompt-Templates-Ads-Music-Videos-Storytelling-768x418.webp 768w, https:\/\/aireviewlab.io\/wp-content\/uploads\/2026\/04\/High-Converting-Seedance-2.0-Prompt-Templates-Ads-Music-Videos-Storytelling-18x10.webp 18w, https:\/\/aireviewlab.io\/wp-content\/uploads\/2026\/04\/High-Converting-Seedance-2.0-Prompt-Templates-Ads-Music-Videos-Storytelling.webp 1103w\" sizes=\"(max-width: 300px) 100vw, 300px\" title=\"Pollo AI \u00e8 sicuro? Fatturazione, privacy e rischi spiegati\"><\/div>\n\t\t<\/a>\n\t\t\t\t<div class=\"elementor-post__text\">\n\t\t\t\t<h2 class=\"elementor-post__title\">\n\t\t\t<a href=\"https:\/\/aireviewlab.io\/it\/seedance-2-0-prompt-templates\/\" >\n\t\t\t\tModelli di prompt Seedance 2.0 ad alta conversione (annunci, video musicali, racconti)\t\t\t<\/a>\n\t\t<\/h2>\n\t\t\t\t<div class=\"elementor-post__meta-data\">\n\t\t\t\t\t<span class=\"elementor-post-date\">\n\t\t\t04\/12\/2026\t\t<\/span>\n\t\t\t\t<span class=\"elementor-post-avatar\">\n\t\t\tNessun commento\t\t<\/span>\n\t\t\t\t<\/div>\n\t\t\t\t<div class=\"elementor-post__excerpt\">\n\t\t\t<p>Se avete provato Seedance 2.0 e i risultati vi sembrano incoerenti, imbarazzanti o casuali, il problema \u00e8 quasi sempre il vostro prompt. Dopo aver testato decine di flussi di lavoro e analizzato i modelli di utilizzo reali, una cosa \u00e8 chiara: Seedance 2.0 non premia la creativit\u00e0, ma la struttura. Questa guida vi offre modelli di prompt collaudati e ad alta conversione che potete<\/p>\n\t\t<\/div>\n\t\t\n\t\t<a class=\"elementor-post__read-more\" href=\"https:\/\/aireviewlab.io\/it\/seedance-2-0-prompt-templates\/\" aria-label=\"Leggi tutto su Modelli di prompt Seedance 2.0 ad alta conversione (annunci, video musicali, storytelling)\" tabindex=\"-1\" >\n\t\t\tContinua a leggere \u00bb\t\t<\/a>\n\n\t\t\t\t<\/div>\n\t\t\t\t<\/article>\n\t\t\t\t<article class=\"elementor-post elementor-grid-item post-2493 post type-post status-publish format-standard has-post-thumbnail hentry category-ai-video\" role=\"listitem\">\n\t\t\t\t<a class=\"elementor-post__thumbnail__link\" href=\"https:\/\/aireviewlab.io\/it\/best-use-cases-for-seedance-2-0\/\" tabindex=\"-1\" >\n\t\t\t<div class=\"elementor-post__thumbnail\"><img decoding=\"async\" width=\"300\" height=\"201\" src=\"https:\/\/aireviewlab.io\/wp-content\/uploads\/2026\/04\/Best-Use-Cases-for-Seedance-2.0-Real-World-Applications-Practical-Insights-300x201.webp\" class=\"attachment-medium size-medium wp-image-2500\" alt=\"best use cases for seedance 2.0 (real world applications &amp; practical insights)\" srcset=\"https:\/\/aireviewlab.io\/wp-content\/uploads\/2026\/04\/Best-Use-Cases-for-Seedance-2.0-Real-World-Applications-Practical-Insights-300x201.webp 300w, https:\/\/aireviewlab.io\/wp-content\/uploads\/2026\/04\/Best-Use-Cases-for-Seedance-2.0-Real-World-Applications-Practical-Insights-1024x687.webp 1024w, https:\/\/aireviewlab.io\/wp-content\/uploads\/2026\/04\/Best-Use-Cases-for-Seedance-2.0-Real-World-Applications-Practical-Insights-768x515.webp 768w, https:\/\/aireviewlab.io\/wp-content\/uploads\/2026\/04\/Best-Use-Cases-for-Seedance-2.0-Real-World-Applications-Practical-Insights-1536x1030.webp 1536w, https:\/\/aireviewlab.io\/wp-content\/uploads\/2026\/04\/Best-Use-Cases-for-Seedance-2.0-Real-World-Applications-Practical-Insights-2048x1374.webp 2048w, https:\/\/aireviewlab.io\/wp-content\/uploads\/2026\/04\/Best-Use-Cases-for-Seedance-2.0-Real-World-Applications-Practical-Insights-18x12.webp 18w\" sizes=\"(max-width: 300px) 100vw, 300px\" title=\"Pollo AI \u00e8 sicuro? Fatturazione, privacy e rischi spiegati\"><\/div>\n\t\t<\/a>\n\t\t\t\t<div class=\"elementor-post__text\">\n\t\t\t\t<h2 class=\"elementor-post__title\">\n\t\t\t<a href=\"https:\/\/aireviewlab.io\/it\/best-use-cases-for-seedance-2-0\/\" >\n\t\t\t\tI migliori casi d'uso della Seedance 2.0 (Applicazioni del mondo reale e approfondimenti pratici)\t\t\t<\/a>\n\t\t<\/h2>\n\t\t\t\t<div class=\"elementor-post__meta-data\">\n\t\t\t\t\t<span class=\"elementor-post-date\">\n\t\t\t04\/12\/2026\t\t<\/span>\n\t\t\t\t<span class=\"elementor-post-avatar\">\n\t\t\tNessun commento\t\t<\/span>\n\t\t\t\t<\/div>\n\t\t\t\t<div class=\"elementor-post__excerpt\">\n\t\t\t<p>Se state cercando di capire quali sono i migliori casi d'uso di Seedance 2.0, la risposta breve \u00e8 questa: \ud83d\udc49 Non \u00e8 uno strumento di produzione video completo \ud83d\udc49 \u00c8 un generatore di riprese ad alte prestazioni progettato per la velocit\u00e0, l'impatto visivo e l'esplorazione creativa. Dopo aver analizzato i modelli di utilizzo reali e aver testato i flussi di lavoro, \u00e8 emerso un chiaro schema<\/p>\n\t\t<\/div>\n\t\t\n\t\t<a class=\"elementor-post__read-more\" href=\"https:\/\/aireviewlab.io\/it\/best-use-cases-for-seedance-2-0\/\" aria-label=\"Leggi tutto su I migliori casi d&#039;uso della Seedance 2.0 (Applicazioni del mondo reale e approfondimenti pratici)\" tabindex=\"-1\" >\n\t\t\tContinua a leggere \u00bb\t\t<\/a>\n\n\t\t\t\t<\/div>\n\t\t\t\t<\/article>\n\t\t\t\t<article class=\"elementor-post elementor-grid-item post-2466 post type-post status-publish format-standard has-post-thumbnail hentry category-ai-video\" role=\"listitem\">\n\t\t\t\t<a class=\"elementor-post__thumbnail__link\" href=\"https:\/\/aireviewlab.io\/it\/how-to-use-seedance-2-0\/\" tabindex=\"-1\" >\n\t\t\t<div class=\"elementor-post__thumbnail\"><img loading=\"lazy\" decoding=\"async\" width=\"300\" height=\"201\" src=\"https:\/\/aireviewlab.io\/wp-content\/uploads\/2026\/04\/How-to-Use-Seedance-2.0-2026-Guide-Real-Workflow-Costs-Limitations-Pro-Tips-300x201.webp\" class=\"attachment-medium size-medium wp-image-2475\" alt=\"how to use seedance 2.0 (2026 guide) real workflow, costs, limitations &amp; pro tips\" srcset=\"https:\/\/aireviewlab.io\/wp-content\/uploads\/2026\/04\/How-to-Use-Seedance-2.0-2026-Guide-Real-Workflow-Costs-Limitations-Pro-Tips-300x201.webp 300w, https:\/\/aireviewlab.io\/wp-content\/uploads\/2026\/04\/How-to-Use-Seedance-2.0-2026-Guide-Real-Workflow-Costs-Limitations-Pro-Tips-1024x687.webp 1024w, https:\/\/aireviewlab.io\/wp-content\/uploads\/2026\/04\/How-to-Use-Seedance-2.0-2026-Guide-Real-Workflow-Costs-Limitations-Pro-Tips-768x515.webp 768w, https:\/\/aireviewlab.io\/wp-content\/uploads\/2026\/04\/How-to-Use-Seedance-2.0-2026-Guide-Real-Workflow-Costs-Limitations-Pro-Tips-1536x1030.webp 1536w, https:\/\/aireviewlab.io\/wp-content\/uploads\/2026\/04\/How-to-Use-Seedance-2.0-2026-Guide-Real-Workflow-Costs-Limitations-Pro-Tips-2048x1374.webp 2048w, https:\/\/aireviewlab.io\/wp-content\/uploads\/2026\/04\/How-to-Use-Seedance-2.0-2026-Guide-Real-Workflow-Costs-Limitations-Pro-Tips-18x12.webp 18w\" sizes=\"(max-width: 300px) 100vw, 300px\" title=\"Pollo AI \u00e8 sicuro? Fatturazione, privacy e rischi spiegati\"><\/div>\n\t\t<\/a>\n\t\t\t\t<div class=\"elementor-post__text\">\n\t\t\t\t<h2 class=\"elementor-post__title\">\n\t\t\t<a href=\"https:\/\/aireviewlab.io\/it\/how-to-use-seedance-2-0\/\" >\n\t\t\t\tCome utilizzare Seedance 2.0 (Guida 2026): Flusso di lavoro reale, costi, limitazioni e consigli dei professionisti\t\t\t<\/a>\n\t\t<\/h2>\n\t\t\t\t<div class=\"elementor-post__meta-data\">\n\t\t\t\t\t<span class=\"elementor-post-date\">\n\t\t\t04\/12\/2026\t\t<\/span>\n\t\t\t\t<span class=\"elementor-post-avatar\">\n\t\t\tNessun commento\t\t<\/span>\n\t\t\t\t<\/div>\n\t\t\t\t<div class=\"elementor-post__excerpt\">\n\t\t\t<p>Per utilizzare Seedance 2.0 in modo efficace, \u00e8 necessario padroneggiare il suo sistema multimodale \u201cAll-in-one Reference\u201d. Iniziate accedendo a una piattaforma supportata e caricando fino a 12 risorse, tra cui immagini, videoclip, audio e messaggi di testo. Quindi, utilizzate la struttura @mention (ad esempio, @Image1 come fotogramma di partenza, @Video1 per la guida al movimento) per<\/p>\n\t\t<\/div>\n\t\t\n\t\t<a class=\"elementor-post__read-more\" href=\"https:\/\/aireviewlab.io\/it\/how-to-use-seedance-2-0\/\" aria-label=\"Leggi tutto su Come utilizzare Seedance 2.0 (Guida 2026): Flusso di lavoro reale, costi, limitazioni e consigli dei professionisti\" tabindex=\"-1\" >\n\t\t\tContinua a leggere \u00bb\t\t<\/a>\n\n\t\t\t\t<\/div>\n\t\t\t\t<\/article>\n\t\t\t\t<article class=\"elementor-post elementor-grid-item post-2457 post type-post status-publish format-standard has-post-thumbnail hentry category-ai-video\" role=\"listitem\">\n\t\t\t\t<a class=\"elementor-post__thumbnail__link\" href=\"https:\/\/aireviewlab.io\/it\/is-pollo-ai-safe\/\" tabindex=\"-1\" >\n\t\t\t<div class=\"elementor-post__thumbnail\"><img loading=\"lazy\" decoding=\"async\" width=\"300\" height=\"201\" src=\"https:\/\/aireviewlab.io\/wp-content\/uploads\/2026\/04\/Is-Pollo-AI-Safe-Billing-Privacy-Risks-Explained-300x201.webp\" class=\"attachment-medium size-medium wp-image-2460\" alt=\"is pollo ai safe billing, privacy &amp; risks explained\" srcset=\"https:\/\/aireviewlab.io\/wp-content\/uploads\/2026\/04\/Is-Pollo-AI-Safe-Billing-Privacy-Risks-Explained-300x201.webp 300w, https:\/\/aireviewlab.io\/wp-content\/uploads\/2026\/04\/Is-Pollo-AI-Safe-Billing-Privacy-Risks-Explained-1024x687.webp 1024w, https:\/\/aireviewlab.io\/wp-content\/uploads\/2026\/04\/Is-Pollo-AI-Safe-Billing-Privacy-Risks-Explained-768x515.webp 768w, https:\/\/aireviewlab.io\/wp-content\/uploads\/2026\/04\/Is-Pollo-AI-Safe-Billing-Privacy-Risks-Explained-1536x1030.webp 1536w, https:\/\/aireviewlab.io\/wp-content\/uploads\/2026\/04\/Is-Pollo-AI-Safe-Billing-Privacy-Risks-Explained-2048x1374.webp 2048w, https:\/\/aireviewlab.io\/wp-content\/uploads\/2026\/04\/Is-Pollo-AI-Safe-Billing-Privacy-Risks-Explained-18x12.webp 18w\" sizes=\"(max-width: 300px) 100vw, 300px\" title=\"Pollo AI \u00e8 sicuro? Fatturazione, privacy e rischi spiegati\"><\/div>\n\t\t<\/a>\n\t\t\t\t<div class=\"elementor-post__text\">\n\t\t\t\t<h2 class=\"elementor-post__title\">\n\t\t\t<a href=\"https:\/\/aireviewlab.io\/it\/is-pollo-ai-safe\/\" >\n\t\t\t\tPollo AI \u00e8 sicuro? Fatturazione, privacy e rischi spiegati\t\t\t<\/a>\n\t\t<\/h2>\n\t\t\t\t<div class=\"elementor-post__meta-data\">\n\t\t\t\t\t<span class=\"elementor-post-date\">\n\t\t\t04\/12\/2026\t\t<\/span>\n\t\t\t\t<span class=\"elementor-post-avatar\">\n\t\t\tNessun commento\t\t<\/span>\n\t\t\t\t<\/div>\n\t\t\t\t<div class=\"elementor-post__excerpt\">\n\t\t\t<p>S\u00ec, Pollo AI \u00e8 una piattaforma di generazione di video AI sicura e legittima a partire dal 2026. \u00c8 di propriet\u00e0 di COCOSOFT TECHNOLOGY PTE. LTD., un'entit\u00e0 registrata a Singapore, e utilizza la crittografia SSL\/TLS standard del settore per proteggere i dati degli utenti. La piattaforma ha ottenuto la conformit\u00e0 SOC2 di tipo 2 e aderisce alle normative GDPR e<\/p>\n\t\t<\/div>\n\t\t\n\t\t<a class=\"elementor-post__read-more\" href=\"https:\/\/aireviewlab.io\/it\/is-pollo-ai-safe\/\" aria-label=\"Leggi tutto su Pollo AI \u00e8 sicuro? Fatturazione, privacy e rischi spiegati\" tabindex=\"-1\" >\n\t\t\tContinua a leggere \u00bb\t\t<\/a>\n\n\t\t\t\t<\/div>\n\t\t\t\t<\/article>\n\t\t\t\t<\/div>\n\t\t\n\t\t\t\t\t\t<\/div>\n\t\t\t\t<\/div>\n\t\t\t\t\t<\/div>\n\t\t\t\t<\/div>\n\t\t\t\t<\/div>","protected":false},"excerpt":{"rendered":"<p>Honest AI Reviews Il sito di recensioni di strumenti di intelligenza artificiale pi\u00f9 onesto per gli utenti reali Testiamo gli strumenti di intelligenza artificiale in casi d'uso reali, tagliamo il clamore e pubblichiamo recensioni chiare e imparziali per aiutarvi a trovare ci\u00f2 che funziona davvero. Esplora le recensioni su AIReviewLab Testato. Classificato. Confrontati. Nessuna sottigliezza. Niente pubblicit\u00e0 a pagamento.<\/p>","protected":false},"author":1,"featured_media":0,"parent":0,"menu_order":0,"comment_status":"closed","ping_status":"closed","template":"","meta":{"_seopress_robots_primary_cat":"","_seopress_titles_title":"AIReviewLab: Honest AI Tool Reviews (Real Tests & Insights)","_seopress_titles_desc":"Tired of fake AI rankings? We run real tests on AI tools and publish unbiased reviews. Compare the best AI video, image, and writing tools with real data.","_seopress_robots_index":"","_uag_custom_page_level_css":"","footnotes":""},"class_list":["post-776","page","type-page","status-publish","hentry"],"_hostinger_reach_plugin_has_subscription_block":false,"_hostinger_reach_plugin_is_elementor":false,"uagb_featured_image_src":{"full":false,"thumbnail":false,"medium":false,"medium_large":false,"large":false,"1536x1536":false,"2048x2048":false,"trp-custom-language-flag":false},"uagb_author_info":{"display_name":"Claude Delacroix","author_link":"https:\/\/aireviewlab.io\/it\/author\/cloud-han03gmail-com\/"},"uagb_comment_info":0,"uagb_excerpt":"Honest AI Reviews The Most Honest AI Tools Review Site for Real Users We test AI tools in real-world use cases, cut through the hype, and publish clear, unbiased reviews to help you find what actually works. Explore Reviews About AIReviewLab Tested. Ranked. Compared. No fluff. No paid hype.","_links":{"self":[{"href":"https:\/\/aireviewlab.io\/it\/wp-json\/wp\/v2\/pages\/776","targetHints":{"allow":["GET"]}}],"collection":[{"href":"https:\/\/aireviewlab.io\/it\/wp-json\/wp\/v2\/pages"}],"about":[{"href":"https:\/\/aireviewlab.io\/it\/wp-json\/wp\/v2\/types\/page"}],"author":[{"embeddable":true,"href":"https:\/\/aireviewlab.io\/it\/wp-json\/wp\/v2\/users\/1"}],"replies":[{"embeddable":true,"href":"https:\/\/aireviewlab.io\/it\/wp-json\/wp\/v2\/comments?post=776"}],"version-history":[{"count":33,"href":"https:\/\/aireviewlab.io\/it\/wp-json\/wp\/v2\/pages\/776\/revisions"}],"predecessor-version":[{"id":2374,"href":"https:\/\/aireviewlab.io\/it\/wp-json\/wp\/v2\/pages\/776\/revisions\/2374"}],"wp:attachment":[{"href":"https:\/\/aireviewlab.io\/it\/wp-json\/wp\/v2\/media?parent=776"}],"curies":[{"name":"wp","href":"https:\/\/api.w.org\/{rel}","templated":true}]}}