{"id":776,"date":"2026-04-01T04:00:18","date_gmt":"2026-04-01T04:00:18","guid":{"rendered":"https:\/\/tan-cobra-527191.hostingersite.com\/home\/"},"modified":"2026-04-07T17:19:58","modified_gmt":"2026-04-07T17:19:58","slug":"home","status":"publish","type":"page","link":"https:\/\/aireviewlab.io\/fr\/","title":{"rendered":"Examens honn\u00eates d'outils d'IA (Tests r\u00e9els et perspectives)"},"content":{"rendered":"<div data-elementor-type=\"wp-page\" data-elementor-id=\"776\" class=\"elementor elementor-776\" data-elementor-post-type=\"page\">\n\t\t\t\t<div class=\"elementor-element elementor-element-35be94c e-flex e-con-boxed e-con e-parent\" data-id=\"35be94c\" data-element_type=\"container\" data-e-type=\"container\">\n\t\t\t\t\t<div class=\"e-con-inner\">\n\t\t\t\t<div class=\"elementor-element elementor-element-69c1809 elementor-widget elementor-widget-html\" data-id=\"69c1809\" data-element_type=\"widget\" data-e-type=\"widget\" data-widget_type=\"html.default\">\n\t\t\t\t<div class=\"elementor-widget-container\">\n\t\t\t\t\t<section style=\"width:100%; background: linear-gradient(180deg, #dfeff1 0%, #eef7f8 100%); padding: 90px 20px 100px; position: relative; overflow: hidden;\">\r\n  \r\n  <div style=\"max-width: 1200px; margin: 0 auto; text-align: center;\">\r\n    \r\n    <!-- Small label -->\r\n    <div style=\"display:inline-block; margin-bottom: 22px; padding: 8px 18px; border-radius: 999px; background: rgba(14, 116, 120, 0.08); color: #0e7478; font-size: 13px; font-weight: 700; letter-spacing: 0.6px; text-transform: uppercase; font-family: Arial, sans-serif;\">\r\n      Examens honn\u00eates de l'IA\r\n    <\/div>\r\n    \r\n    <!-- Main headline -->\r\n    <h1 style=\"margin: 0 auto 22px; max-width: 980px; font-size: 56px; line-height: 1.12; font-weight: 800; letter-spacing: -1.5px; color: #16233b; font-family: Arial, sans-serif;\">\r\n      Les plus honn\u00eates\r\n      <span style=\"color:#0e7478;\">Site d'examen des outils d'IA<\/span>\r\n      pour les utilisateurs r\u00e9els\r\n    <\/h1>\r\n    \r\n    <!-- Subheadline -->\r\n    <p style=\"margin: 0 auto 36px; max-width: 760px; font-size: 20px; line-height: 1.75; color: #4b5563; font-weight: 400; font-family: Arial, sans-serif;\">\r\n     Nous testons les outils d'IA dans des cas d'utilisation r\u00e9els, nous d\u00e9passons le battage m\u00e9diatique et nous publions des avis clairs et impartiaux pour vous aider \u00e0 trouver ce qui fonctionne r\u00e9ellement.\r\n    <\/p>\r\n    \r\n    <!-- CTA buttons -->\r\n    <div style=\"display:flex; justify-content:center; align-items:center; gap:16px; flex-wrap:wrap; margin-bottom: 26px;\">\r\n      <a href=\"https:\/\/aireviewlab.io\/fr\/ai-tools-reviews\/\" style=\"display:inline-block; background:#16233b; color:#ffffff; text-decoration:none; padding:16px 30px; border-radius:14px; font-size:16px; font-weight:700; font-family:Arial, sans-serif; box-shadow:0 10px 24px rgba(22,35,59,0.18);\">\r\n        Explorer les revues\r\n      <\/a>\r\n      \r\n      <a href=\"https:\/\/tan-cobra-527191.hostingersite.com\/about\/\" style=\"display:inline-block; background:transparent; color:#16233b; text-decoration:none; padding:16px 30px; border-radius:14px; font-size:16px; font-weight:700; font-family:Arial, sans-serif; border:1.5px solid rgba(22,35,59,0.16);\">\r\n        \u00c0 propos d'AIReviewLab\r\n      <\/a>\r\n    <\/div>\r\n    \r\n    <!-- Supporting text -->\r\n    <p style=\"margin:0; font-size:14px; line-height:1.7; color:#6b7280; font-family:Arial, sans-serif;\">\r\n      Test\u00e9. Class\u00e9s. Compar\u00e9. Sans fioritures. Pas de publicit\u00e9 payante.\r\n    <\/p>\r\n    \r\n  <\/div>\r\n<\/section>\t\t\t\t<\/div>\n\t\t\t\t<\/div>\n\t\t\t\t\t<\/div>\n\t\t\t\t<\/div>\n\t\t<div class=\"elementor-element elementor-element-42df79c e-flex e-con-boxed e-con e-parent\" data-id=\"42df79c\" data-element_type=\"container\" data-e-type=\"container\">\n\t\t\t\t\t<div class=\"e-con-inner\">\n\t\t\t\t<div class=\"elementor-element elementor-element-b51f63e elementor-grid-1 elementor-posts--thumbnail-left elementor-grid-tablet-2 elementor-grid-mobile-1 elementor-widget elementor-widget-posts\" data-id=\"b51f63e\" data-element_type=\"widget\" data-e-type=\"widget\" data-settings=\"{&quot;classic_columns&quot;:&quot;1&quot;,&quot;classic_columns_tablet&quot;:&quot;2&quot;,&quot;classic_columns_mobile&quot;:&quot;1&quot;,&quot;classic_row_gap&quot;:{&quot;unit&quot;:&quot;px&quot;,&quot;size&quot;:35,&quot;sizes&quot;:[]},&quot;classic_row_gap_tablet&quot;:{&quot;unit&quot;:&quot;px&quot;,&quot;size&quot;:&quot;&quot;,&quot;sizes&quot;:[]},&quot;classic_row_gap_mobile&quot;:{&quot;unit&quot;:&quot;px&quot;,&quot;size&quot;:&quot;&quot;,&quot;sizes&quot;:[]}}\" data-widget_type=\"posts.classic\">\n\t\t\t\t<div class=\"elementor-widget-container\">\n\t\t\t\t\t\t\t<div class=\"elementor-posts-container elementor-posts elementor-posts--skin-classic elementor-grid\" role=\"list\">\n\t\t\t\t<article class=\"elementor-post elementor-grid-item post-2504 post type-post status-publish format-standard has-post-thumbnail hentry category-ai-video\" role=\"listitem\">\n\t\t\t\t<a class=\"elementor-post__thumbnail__link\" href=\"https:\/\/aireviewlab.io\/fr\/how-much-does-seedance-2-0-cost\/\" tabindex=\"-1\" >\n\t\t\t<div class=\"elementor-post__thumbnail\"><img fetchpriority=\"high\" decoding=\"async\" width=\"300\" height=\"201\" src=\"https:\/\/aireviewlab.io\/wp-content\/uploads\/2026\/04\/How-Much-Does-Seedance-2.0-Cost-Real-Budgets-for-Creators-300x201.webp\" class=\"attachment-medium size-medium wp-image-2512\" alt=\"how much does seedance 2.0 cost real budgets for creators\" srcset=\"https:\/\/aireviewlab.io\/wp-content\/uploads\/2026\/04\/How-Much-Does-Seedance-2.0-Cost-Real-Budgets-for-Creators-300x201.webp 300w, https:\/\/aireviewlab.io\/wp-content\/uploads\/2026\/04\/How-Much-Does-Seedance-2.0-Cost-Real-Budgets-for-Creators-1024x687.webp 1024w, https:\/\/aireviewlab.io\/wp-content\/uploads\/2026\/04\/How-Much-Does-Seedance-2.0-Cost-Real-Budgets-for-Creators-768x515.webp 768w, https:\/\/aireviewlab.io\/wp-content\/uploads\/2026\/04\/How-Much-Does-Seedance-2.0-Cost-Real-Budgets-for-Creators-1536x1030.webp 1536w, https:\/\/aireviewlab.io\/wp-content\/uploads\/2026\/04\/How-Much-Does-Seedance-2.0-Cost-Real-Budgets-for-Creators-2048x1374.webp 2048w, https:\/\/aireviewlab.io\/wp-content\/uploads\/2026\/04\/How-Much-Does-Seedance-2.0-Cost-Real-Budgets-for-Creators-18x12.webp 18w\" sizes=\"(max-width: 300px) 100vw, 300px\" title=\"Pollo AI est-il s\u00fbr ? Facturation, confidentialit\u00e9 et risques expliqu\u00e9s\"><\/div>\n\t\t<\/a>\n\t\t\t\t<div class=\"elementor-post__text\">\n\t\t\t\t<h2 class=\"elementor-post__title\">\n\t\t\t<a href=\"https:\/\/aireviewlab.io\/fr\/how-much-does-seedance-2-0-cost\/\" >\n\t\t\t\tCombien co\u00fbte Seedance 2.0 ? De vrais budgets pour les cr\u00e9ateurs\t\t\t<\/a>\n\t\t<\/h2>\n\t\t\t\t<div class=\"elementor-post__meta-data\">\n\t\t\t\t\t<span class=\"elementor-post-date\">\n\t\t\t04\/12\/2026\t\t<\/span>\n\t\t\t\t<span class=\"elementor-post-avatar\">\n\t\t\tAucun commentaire\t\t<\/span>\n\t\t\t\t<\/div>\n\t\t\t\t<div class=\"elementor-post__excerpt\">\n\t\t\t<p>Le co\u00fbt de Seedance 2.0 varie consid\u00e9rablement en fonction de la mani\u00e8re dont vous y acc\u00e9dez. Contrairement aux outils SaaS traditionnels, il ne suit pas un mod\u00e8le de tarification mensuel simple. Au contraire, il fonctionne selon un syst\u00e8me bas\u00e9 sur l'utilisation, en fonction de la consommation de calcul. Sur la base de tests approfondis et d'une analyse de march\u00e9, une seule vid\u00e9o peut co\u00fbter entre 1,5 et 1,5 million d'euros.<\/p>\n\t\t<\/div>\n\t\t\n\t\t<a class=\"elementor-post__read-more\" href=\"https:\/\/aireviewlab.io\/fr\/how-much-does-seedance-2-0-cost\/\" aria-label=\"En savoir plus sur Combien co\u00fbte Seedance 2.0 ? De vrais budgets pour les cr\u00e9ateurs\" tabindex=\"-1\" >\n\t\t\tLire plus \u00bb\t\t<\/a>\n\n\t\t\t\t<\/div>\n\t\t\t\t<\/article>\n\t\t\t\t<article class=\"elementor-post elementor-grid-item post-2469 post type-post status-publish format-standard has-post-thumbnail hentry category-ai-video\" role=\"listitem\">\n\t\t\t\t<a class=\"elementor-post__thumbnail__link\" href=\"https:\/\/aireviewlab.io\/fr\/seedance-2-0-prompt-templates\/\" tabindex=\"-1\" >\n\t\t\t<div class=\"elementor-post__thumbnail\"><img decoding=\"async\" width=\"300\" height=\"163\" src=\"https:\/\/aireviewlab.io\/wp-content\/uploads\/2026\/04\/High-Converting-Seedance-2.0-Prompt-Templates-Ads-Music-Videos-Storytelling-300x163.webp\" class=\"attachment-medium size-medium wp-image-2518\" alt=\"high converting seedance 2.0 prompt templates (ads, music videos, storytelling)\" srcset=\"https:\/\/aireviewlab.io\/wp-content\/uploads\/2026\/04\/High-Converting-Seedance-2.0-Prompt-Templates-Ads-Music-Videos-Storytelling-300x163.webp 300w, https:\/\/aireviewlab.io\/wp-content\/uploads\/2026\/04\/High-Converting-Seedance-2.0-Prompt-Templates-Ads-Music-Videos-Storytelling-1024x557.webp 1024w, https:\/\/aireviewlab.io\/wp-content\/uploads\/2026\/04\/High-Converting-Seedance-2.0-Prompt-Templates-Ads-Music-Videos-Storytelling-768x418.webp 768w, https:\/\/aireviewlab.io\/wp-content\/uploads\/2026\/04\/High-Converting-Seedance-2.0-Prompt-Templates-Ads-Music-Videos-Storytelling-18x10.webp 18w, https:\/\/aireviewlab.io\/wp-content\/uploads\/2026\/04\/High-Converting-Seedance-2.0-Prompt-Templates-Ads-Music-Videos-Storytelling.webp 1103w\" sizes=\"(max-width: 300px) 100vw, 300px\" title=\"Pollo AI est-il s\u00fbr ? Facturation, confidentialit\u00e9 et risques expliqu\u00e9s\"><\/div>\n\t\t<\/a>\n\t\t\t\t<div class=\"elementor-post__text\">\n\t\t\t\t<h2 class=\"elementor-post__title\">\n\t\t\t<a href=\"https:\/\/aireviewlab.io\/fr\/seedance-2-0-prompt-templates\/\" >\n\t\t\t\tMod\u00e8les d'invites Seedance 2.0 \u00e0 fort taux de conversion (publicit\u00e9s, vid\u00e9os musicales, r\u00e9cits)\t\t\t<\/a>\n\t\t<\/h2>\n\t\t\t\t<div class=\"elementor-post__meta-data\">\n\t\t\t\t\t<span class=\"elementor-post-date\">\n\t\t\t04\/12\/2026\t\t<\/span>\n\t\t\t\t<span class=\"elementor-post-avatar\">\n\t\t\tAucun commentaire\t\t<\/span>\n\t\t\t\t<\/div>\n\t\t\t\t<div class=\"elementor-post__excerpt\">\n\t\t\t<p>Si vous avez essay\u00e9 Seedance 2.0 et que vos r\u00e9sultats semblent incoh\u00e9rents, maladroits ou al\u00e9atoires, le probl\u00e8me vient presque toujours de votre prompteur. Apr\u00e8s avoir test\u00e9 des dizaines de flux de travail et analys\u00e9 des mod\u00e8les d'utilisation r\u00e9els, une chose est claire : Seedance 2.0 ne r\u00e9compense pas la cr\u00e9ativit\u00e9, il r\u00e9compense la structure. Ce guide vous propose des mod\u00e8les d'invite \u00e9prouv\u00e9s et \u00e0 fort taux de conversion que vous pouvez utiliser pour<\/p>\n\t\t<\/div>\n\t\t\n\t\t<a class=\"elementor-post__read-more\" href=\"https:\/\/aireviewlab.io\/fr\/seedance-2-0-prompt-templates\/\" aria-label=\"En savoir plus sur les mod\u00e8les d&#039;invites Seedance 2.0 \u00e0 fort taux de conversion (publicit\u00e9s, vid\u00e9os musicales, r\u00e9cits)\" tabindex=\"-1\" >\n\t\t\tLire plus \u00bb\t\t<\/a>\n\n\t\t\t\t<\/div>\n\t\t\t\t<\/article>\n\t\t\t\t<article class=\"elementor-post elementor-grid-item post-2493 post type-post status-publish format-standard has-post-thumbnail hentry category-ai-video\" role=\"listitem\">\n\t\t\t\t<a class=\"elementor-post__thumbnail__link\" href=\"https:\/\/aireviewlab.io\/fr\/best-use-cases-for-seedance-2-0\/\" tabindex=\"-1\" >\n\t\t\t<div class=\"elementor-post__thumbnail\"><img decoding=\"async\" width=\"300\" height=\"201\" src=\"https:\/\/aireviewlab.io\/wp-content\/uploads\/2026\/04\/Best-Use-Cases-for-Seedance-2.0-Real-World-Applications-Practical-Insights-300x201.webp\" class=\"attachment-medium size-medium wp-image-2500\" alt=\"best use cases for seedance 2.0 (real world applications &amp; practical insights)\" srcset=\"https:\/\/aireviewlab.io\/wp-content\/uploads\/2026\/04\/Best-Use-Cases-for-Seedance-2.0-Real-World-Applications-Practical-Insights-300x201.webp 300w, https:\/\/aireviewlab.io\/wp-content\/uploads\/2026\/04\/Best-Use-Cases-for-Seedance-2.0-Real-World-Applications-Practical-Insights-1024x687.webp 1024w, https:\/\/aireviewlab.io\/wp-content\/uploads\/2026\/04\/Best-Use-Cases-for-Seedance-2.0-Real-World-Applications-Practical-Insights-768x515.webp 768w, https:\/\/aireviewlab.io\/wp-content\/uploads\/2026\/04\/Best-Use-Cases-for-Seedance-2.0-Real-World-Applications-Practical-Insights-1536x1030.webp 1536w, https:\/\/aireviewlab.io\/wp-content\/uploads\/2026\/04\/Best-Use-Cases-for-Seedance-2.0-Real-World-Applications-Practical-Insights-2048x1374.webp 2048w, https:\/\/aireviewlab.io\/wp-content\/uploads\/2026\/04\/Best-Use-Cases-for-Seedance-2.0-Real-World-Applications-Practical-Insights-18x12.webp 18w\" sizes=\"(max-width: 300px) 100vw, 300px\" title=\"Pollo AI est-il s\u00fbr ? Facturation, confidentialit\u00e9 et risques expliqu\u00e9s\"><\/div>\n\t\t<\/a>\n\t\t\t\t<div class=\"elementor-post__text\">\n\t\t\t\t<h2 class=\"elementor-post__title\">\n\t\t\t<a href=\"https:\/\/aireviewlab.io\/fr\/best-use-cases-for-seedance-2-0\/\" >\n\t\t\t\tBest Use Cases for Seedance 2.0 (Real-World Applications &amp; Practical Insights)\t\t\t<\/a>\n\t\t<\/h2>\n\t\t\t\t<div class=\"elementor-post__meta-data\">\n\t\t\t\t\t<span class=\"elementor-post-date\">\n\t\t\t04\/12\/2026\t\t<\/span>\n\t\t\t\t<span class=\"elementor-post-avatar\">\n\t\t\tAucun commentaire\t\t<\/span>\n\t\t\t\t<\/div>\n\t\t\t\t<div class=\"elementor-post__excerpt\">\n\t\t\t<p>Si vous essayez de d\u00e9terminer les meilleurs cas d'utilisation de Seedance 2.0, la r\u00e9ponse courte est la suivante : \ud83d\udc49 Il ne s'agit pas d'un outil de production vid\u00e9o complet.\ud83d\udc49 C'est un g\u00e9n\u00e9rateur de plans haute performance con\u00e7u pour la vitesse, l'impact visuel et l'exploration cr\u00e9ative. Apr\u00e8s avoir analys\u00e9 les mod\u00e8les d'utilisation r\u00e9els et test\u00e9 les flux de travail, un mod\u00e8le clair.<\/p>\n\t\t<\/div>\n\t\t\n\t\t<a class=\"elementor-post__read-more\" href=\"https:\/\/aireviewlab.io\/fr\/best-use-cases-for-seedance-2-0\/\" aria-label=\"Lire la suite de Best Use Cases for Seedance 2.0 (Real-World Applications &amp; Practical Insights)\" tabindex=\"-1\" >\n\t\t\tLire plus \u00bb\t\t<\/a>\n\n\t\t\t\t<\/div>\n\t\t\t\t<\/article>\n\t\t\t\t<article class=\"elementor-post elementor-grid-item post-2466 post type-post status-publish format-standard has-post-thumbnail hentry category-ai-video\" role=\"listitem\">\n\t\t\t\t<a class=\"elementor-post__thumbnail__link\" href=\"https:\/\/aireviewlab.io\/fr\/how-to-use-seedance-2-0\/\" tabindex=\"-1\" >\n\t\t\t<div class=\"elementor-post__thumbnail\"><img loading=\"lazy\" decoding=\"async\" width=\"300\" height=\"201\" src=\"https:\/\/aireviewlab.io\/wp-content\/uploads\/2026\/04\/How-to-Use-Seedance-2.0-2026-Guide-Real-Workflow-Costs-Limitations-Pro-Tips-300x201.webp\" class=\"attachment-medium size-medium wp-image-2475\" alt=\"how to use seedance 2.0 (2026 guide) real workflow, costs, limitations &amp; pro tips\" srcset=\"https:\/\/aireviewlab.io\/wp-content\/uploads\/2026\/04\/How-to-Use-Seedance-2.0-2026-Guide-Real-Workflow-Costs-Limitations-Pro-Tips-300x201.webp 300w, https:\/\/aireviewlab.io\/wp-content\/uploads\/2026\/04\/How-to-Use-Seedance-2.0-2026-Guide-Real-Workflow-Costs-Limitations-Pro-Tips-1024x687.webp 1024w, https:\/\/aireviewlab.io\/wp-content\/uploads\/2026\/04\/How-to-Use-Seedance-2.0-2026-Guide-Real-Workflow-Costs-Limitations-Pro-Tips-768x515.webp 768w, https:\/\/aireviewlab.io\/wp-content\/uploads\/2026\/04\/How-to-Use-Seedance-2.0-2026-Guide-Real-Workflow-Costs-Limitations-Pro-Tips-1536x1030.webp 1536w, https:\/\/aireviewlab.io\/wp-content\/uploads\/2026\/04\/How-to-Use-Seedance-2.0-2026-Guide-Real-Workflow-Costs-Limitations-Pro-Tips-2048x1374.webp 2048w, https:\/\/aireviewlab.io\/wp-content\/uploads\/2026\/04\/How-to-Use-Seedance-2.0-2026-Guide-Real-Workflow-Costs-Limitations-Pro-Tips-18x12.webp 18w\" sizes=\"(max-width: 300px) 100vw, 300px\" title=\"Pollo AI est-il s\u00fbr ? Facturation, confidentialit\u00e9 et risques expliqu\u00e9s\"><\/div>\n\t\t<\/a>\n\t\t\t\t<div class=\"elementor-post__text\">\n\t\t\t\t<h2 class=\"elementor-post__title\">\n\t\t\t<a href=\"https:\/\/aireviewlab.io\/fr\/how-to-use-seedance-2-0\/\" >\n\t\t\t\tComment utiliser Seedance 2.0 (Guide 2026) : Flux de travail r\u00e9el, co\u00fbts, limites et astuces de pro\t\t\t<\/a>\n\t\t<\/h2>\n\t\t\t\t<div class=\"elementor-post__meta-data\">\n\t\t\t\t\t<span class=\"elementor-post-date\">\n\t\t\t04\/12\/2026\t\t<\/span>\n\t\t\t\t<span class=\"elementor-post-avatar\">\n\t\t\tAucun commentaire\t\t<\/span>\n\t\t\t\t<\/div>\n\t\t\t\t<div class=\"elementor-post__excerpt\">\n\t\t\t<p>Pour utiliser efficacement Seedance 2.0, vous devez ma\u00eetriser son syst\u00e8me multimodal de \u201cr\u00e9f\u00e9rence tout-en-un\u201d. Commencez par acc\u00e9der \u00e0 une plate-forme prise en charge et t\u00e9l\u00e9chargez jusqu'\u00e0 12 ressources, y compris des images, des clips vid\u00e9o, des fichiers audio et des messages textes. Ensuite, utilisez la structure @mention (par exemple, @Image1 comme cadre de d\u00e9part, @Vid\u00e9o1 pour le guidage du mouvement) pour<\/p>\n\t\t<\/div>\n\t\t\n\t\t<a class=\"elementor-post__read-more\" href=\"https:\/\/aireviewlab.io\/fr\/how-to-use-seedance-2-0\/\" aria-label=\"Lire la suite de Comment utiliser Seedance 2.0 (Guide 2026) : Flux de travail r\u00e9el, co\u00fbts, limites et astuces de pro\" tabindex=\"-1\" >\n\t\t\tLire plus \u00bb\t\t<\/a>\n\n\t\t\t\t<\/div>\n\t\t\t\t<\/article>\n\t\t\t\t<article class=\"elementor-post elementor-grid-item post-2457 post type-post status-publish format-standard has-post-thumbnail hentry category-ai-video\" role=\"listitem\">\n\t\t\t\t<a class=\"elementor-post__thumbnail__link\" href=\"https:\/\/aireviewlab.io\/fr\/is-pollo-ai-safe\/\" tabindex=\"-1\" >\n\t\t\t<div class=\"elementor-post__thumbnail\"><img loading=\"lazy\" decoding=\"async\" width=\"300\" height=\"201\" src=\"https:\/\/aireviewlab.io\/wp-content\/uploads\/2026\/04\/Is-Pollo-AI-Safe-Billing-Privacy-Risks-Explained-300x201.webp\" class=\"attachment-medium size-medium wp-image-2460\" alt=\"is pollo ai safe billing, privacy &amp; risks explained\" srcset=\"https:\/\/aireviewlab.io\/wp-content\/uploads\/2026\/04\/Is-Pollo-AI-Safe-Billing-Privacy-Risks-Explained-300x201.webp 300w, https:\/\/aireviewlab.io\/wp-content\/uploads\/2026\/04\/Is-Pollo-AI-Safe-Billing-Privacy-Risks-Explained-1024x687.webp 1024w, https:\/\/aireviewlab.io\/wp-content\/uploads\/2026\/04\/Is-Pollo-AI-Safe-Billing-Privacy-Risks-Explained-768x515.webp 768w, https:\/\/aireviewlab.io\/wp-content\/uploads\/2026\/04\/Is-Pollo-AI-Safe-Billing-Privacy-Risks-Explained-1536x1030.webp 1536w, https:\/\/aireviewlab.io\/wp-content\/uploads\/2026\/04\/Is-Pollo-AI-Safe-Billing-Privacy-Risks-Explained-2048x1374.webp 2048w, https:\/\/aireviewlab.io\/wp-content\/uploads\/2026\/04\/Is-Pollo-AI-Safe-Billing-Privacy-Risks-Explained-18x12.webp 18w\" sizes=\"(max-width: 300px) 100vw, 300px\" title=\"Pollo AI est-il s\u00fbr ? Facturation, confidentialit\u00e9 et risques expliqu\u00e9s\"><\/div>\n\t\t<\/a>\n\t\t\t\t<div class=\"elementor-post__text\">\n\t\t\t\t<h2 class=\"elementor-post__title\">\n\t\t\t<a href=\"https:\/\/aireviewlab.io\/fr\/is-pollo-ai-safe\/\" >\n\t\t\t\tPollo AI est-il s\u00fbr ? Facturation, confidentialit\u00e9 et risques expliqu\u00e9s\t\t\t<\/a>\n\t\t<\/h2>\n\t\t\t\t<div class=\"elementor-post__meta-data\">\n\t\t\t\t\t<span class=\"elementor-post-date\">\n\t\t\t04\/12\/2026\t\t<\/span>\n\t\t\t\t<span class=\"elementor-post-avatar\">\n\t\t\tAucun commentaire\t\t<\/span>\n\t\t\t\t<\/div>\n\t\t\t\t<div class=\"elementor-post__excerpt\">\n\t\t\t<p>Oui, Pollo AI est une plateforme de g\u00e9n\u00e9ration de vid\u00e9os d'IA s\u00fbre et l\u00e9gitime en 2026. Elle appartient \u00e0 COCOSOFT TECHNOLOGY PTE. LTD, une entit\u00e9 enregistr\u00e9e \u00e0 Singapour, et utilise le cryptage SSL\/TLS standard pour prot\u00e9ger les donn\u00e9es des utilisateurs. La plateforme a obtenu la conformit\u00e9 SOC2 de type 2 et adh\u00e8re aux normes GDPR et<\/p>\n\t\t<\/div>\n\t\t\n\t\t<a class=\"elementor-post__read-more\" href=\"https:\/\/aireviewlab.io\/fr\/is-pollo-ai-safe\/\" aria-label=\"En savoir plus sur Pollo AI est-il s\u00fbr ? Facturation, vie priv\u00e9e et risques expliqu\u00e9s\" tabindex=\"-1\" >\n\t\t\tLire plus \u00bb\t\t<\/a>\n\n\t\t\t\t<\/div>\n\t\t\t\t<\/article>\n\t\t\t\t<\/div>\n\t\t\n\t\t\t\t\t\t<\/div>\n\t\t\t\t<\/div>\n\t\t\t\t\t<\/div>\n\t\t\t\t<\/div>\n\t\t\t\t<\/div>","protected":false},"excerpt":{"rendered":"<p>Honest AI Reviews Le site d'\u00e9valuation d'outils d'IA le plus honn\u00eate pour les vrais utilisateurs Nous testons les outils d'IA dans des cas d'utilisation r\u00e9els, nous d\u00e9passons le battage m\u00e9diatique et nous publions des \u00e9valuations claires et impartiales pour vous aider \u00e0 trouver ce qui fonctionne r\u00e9ellement. Explorer les avis sur AIReviewLab Test\u00e9. Class\u00e9. Compar\u00e9. Sans fioritures. Pas d'effets d'annonce payants.<\/p>","protected":false},"author":1,"featured_media":0,"parent":0,"menu_order":0,"comment_status":"closed","ping_status":"closed","template":"","meta":{"_seopress_robots_primary_cat":"","_seopress_titles_title":"AIReviewLab: Honest AI Tool Reviews (Real Tests & Insights)","_seopress_titles_desc":"Tired of fake AI rankings? We run real tests on AI tools and publish unbiased reviews. Compare the best AI video, image, and writing tools with real data.","_seopress_robots_index":"","_uag_custom_page_level_css":"","footnotes":""},"class_list":["post-776","page","type-page","status-publish","hentry"],"_hostinger_reach_plugin_has_subscription_block":false,"_hostinger_reach_plugin_is_elementor":false,"uagb_featured_image_src":{"full":false,"thumbnail":false,"medium":false,"medium_large":false,"large":false,"1536x1536":false,"2048x2048":false,"trp-custom-language-flag":false},"uagb_author_info":{"display_name":"Claude Delacroix","author_link":"https:\/\/aireviewlab.io\/fr\/author\/cloud-han03gmail-com\/"},"uagb_comment_info":0,"uagb_excerpt":"Honest AI Reviews The Most Honest AI Tools Review Site for Real Users We test AI tools in real-world use cases, cut through the hype, and publish clear, unbiased reviews to help you find what actually works. Explore Reviews About AIReviewLab Tested. Ranked. Compared. No fluff. No paid hype.","_links":{"self":[{"href":"https:\/\/aireviewlab.io\/fr\/wp-json\/wp\/v2\/pages\/776","targetHints":{"allow":["GET"]}}],"collection":[{"href":"https:\/\/aireviewlab.io\/fr\/wp-json\/wp\/v2\/pages"}],"about":[{"href":"https:\/\/aireviewlab.io\/fr\/wp-json\/wp\/v2\/types\/page"}],"author":[{"embeddable":true,"href":"https:\/\/aireviewlab.io\/fr\/wp-json\/wp\/v2\/users\/1"}],"replies":[{"embeddable":true,"href":"https:\/\/aireviewlab.io\/fr\/wp-json\/wp\/v2\/comments?post=776"}],"version-history":[{"count":33,"href":"https:\/\/aireviewlab.io\/fr\/wp-json\/wp\/v2\/pages\/776\/revisions"}],"predecessor-version":[{"id":2374,"href":"https:\/\/aireviewlab.io\/fr\/wp-json\/wp\/v2\/pages\/776\/revisions\/2374"}],"wp:attachment":[{"href":"https:\/\/aireviewlab.io\/fr\/wp-json\/wp\/v2\/media?parent=776"}],"curies":[{"name":"wp","href":"https:\/\/api.w.org\/{rel}","templated":true}]}}