{"id":1578,"date":"2026-04-01T04:00:18","date_gmt":"2026-04-01T04:00:18","guid":{"rendered":"https:\/\/tan-cobra-527191.hostingersite.com\/about\/"},"modified":"2026-04-03T00:22:34","modified_gmt":"2026-04-03T00:22:34","slug":"about","status":"publish","type":"page","link":"https:\/\/aireviewlab.io\/fr\/about\/","title":{"rendered":"A propos de"},"content":{"rendered":"<section style=\"max-width: 860px; margin: 0 auto; padding: 40px 20px; font-family: -apple-system, BlinkMacSystemFont, 'Segoe UI', Roboto, Arial, sans-serif; color: #1e293b; line-height: 1.8;\">\n<h1 style=\"font-size: 42px; line-height: 1.2; margin: 0 0 24px; font-weight: 800; color: #0f172a;\">\n    \u00c0 propos d'AIReviewLab<br \/>\n  <\/h1>\n<p style=\"font-size: 18px; color: #475569; margin: 0 0 32px;\">\n    Chez AIReviewLab, nous nous concentrons sur une seule chose :<br \/>\n    <strong>publier des avis honn\u00eates et concrets sur les outils d'IA.<\/strong>\n  <\/p>\n<p style=\"margin: 0 0 20px;\">\n    Dans un espace rempli de battage m\u00e9diatique, de biais d'affiliation et de contenu recycl\u00e9, nous pensons que les utilisateurs m\u00e9ritent quelque chose de mieux - des informations claires, test\u00e9es et dignes de confiance.\n  <\/p>\n<h2 style=\"font-size: 28px; margin: 42px 0 16px; font-weight: 800; color: #0f172a;\">\n    Notre mission<br \/>\n  <\/h2>\n<p style=\"margin: 0 0 20px;\">\n    Notre mission est simple :<br \/>\n    <strong>vous aider \u00e0 trouver des outils d'IA qui fonctionnent r\u00e9ellement.<\/strong>\n  <\/p>\n<p style=\"margin: 0 0 20px;\">\n    Nous ne suivons pas les tendances. Nous ne publions pas les classements uniquement pour les clics. Nous testons des outils, analysons les r\u00e9sultats et partageons ce que nous trouvons - bon ou mauvais.\n  <\/p>\n<h2 style=\"font-size: 28px; margin: 42px 0 16px; font-weight: 800; color: #0f172a;\">\n    Ce qui nous diff\u00e9rencie<br \/>\n  <\/h2>\n<h3 style=\"font-size: 22px; margin: 28px 0 10px; font-weight: 700; color: #0f172a;\">\n    Des tests r\u00e9els, pas seulement des opinions<br \/>\n  <\/h3>\n<p style=\"margin: 0 0 18px;\">\n    Chaque outil que nous examinons est test\u00e9 dans des sc\u00e9narios r\u00e9els, qu'il s'agisse de g\u00e9n\u00e9rer des vid\u00e9os, d'\u00e9diter des images ou de r\u00e9diger du contenu.\n  <\/p>\n<h3 style=\"font-size: 22px; margin: 28px 0 10px; font-weight: 700; color: #0f172a;\">\n    Pas d'effets d'annonce, pas d'hypoth\u00e8ses<br \/>\n  <\/h3>\n<p style=\"margin: 0 0 18px;\">\n    Nous \u00e9vitons les affirmations exag\u00e9r\u00e9es et les mots \u00e0 la mode. Si un outil n'est pas assez performant, nous le disons.\n  <\/p>\n<h3 style=\"font-size: 22px; margin: 28px 0 10px; font-weight: 700; color: #0f172a;\">\n    Des comparaisons claires<br \/>\n  <\/h3>\n<p style=\"margin: 0 0 18px;\">\n    Nous comparons les outils les uns aux autres afin que vous puissiez rapidement comprendre ce qui r\u00e9pond le mieux \u00e0 vos besoins.\n  <\/p>\n<h3 style=\"font-size: 22px; margin: 28px 0 10px; font-weight: 700; color: #0f172a;\">\n    Con\u00e7u pour les utilisateurs, pas pour les algorithmes<br \/>\n  <\/h3>\n<p style=\"margin: 0 0 18px;\">\n    Notre contenu est con\u00e7u pour aider des personnes r\u00e9elles \u00e0 prendre des d\u00e9cisions, et pas seulement pour se classer dans les moteurs de recherche.\n  <\/p>\n<h2 style=\"font-size: 28px; margin: 42px 0 16px; font-weight: 800; color: #0f172a;\">\n    Comment nous \u00e9valuons les outils d'IA<br \/>\n  <\/h2>\n<p style=\"margin: 0 0 18px;\">\n    Notre processus d'examen se concentre sur ce qui est r\u00e9ellement important :\n  <\/p>\n<ul style=\"margin: 0 0 24px 22px; padding: 0; color: #334155;\">\n<li style=\"margin-bottom: 8px;\">Facilit\u00e9 d'utilisation<\/li>\n<li style=\"margin-bottom: 8px;\">Qualit\u00e9 de la production<\/li>\n<li style=\"margin-bottom: 8px;\">Rapidit\u00e9 et fiabilit\u00e9<\/li>\n<li style=\"margin-bottom: 8px;\">Prix et valeur<\/li>\n<li style=\"margin-bottom: 8px;\">Performances en situation r\u00e9elle<\/li>\n<\/ul>\n<p style=\"margin: 0 0 20px;\">\n    Nous testons les outils sur plusieurs cas d'utilisation afin de nous assurer que nos conclusions sont bas\u00e9es sur des r\u00e9sultats r\u00e9els et non sur des hypoth\u00e8ses.\n  <\/p>\n<h2 style=\"font-size: 28px; margin: 42px 0 16px; font-weight: 800; color: #0f172a;\">\n    Notre philosophie<br \/>\n  <\/h2>\n<p style=\"margin: 0 0 18px;\">\n    Nous croyons que :\n  <\/p>\n<ul style=\"margin: 0 0 24px 22px; padding: 0; color: #334155;\">\n<li style=\"margin-bottom: 8px;\"><strong>La confiance se gagne par la transparence<\/strong><\/li>\n<li style=\"margin-bottom: 8px;\"><strong>Les bons outils doivent faire leurs preuves par leurs r\u00e9sultats<\/strong><\/li>\n<li style=\"margin-bottom: 8px;\"><strong>Les utilisateurs ne devraient jamais avoir \u00e0 deviner ce qui est r\u00e9el<\/strong><\/li>\n<\/ul>\n<p style=\"margin: 0 0 20px;\">\n    C'est pourquoi toutes nos publications sont bas\u00e9es sur la clart\u00e9, l'honn\u00eatet\u00e9 et les tests r\u00e9els.\n  <\/p>\n<h2 style=\"font-size: 28px; margin: 42px 0 16px; font-weight: 800; color: #0f172a;\">\n    \u00c0 qui s'adresse ce document ?<br \/>\n  <\/h2>\n<p style=\"margin: 0 0 18px;\">\n    AIReviewLab est con\u00e7u pour :\n  <\/p>\n<ul style=\"margin: 0 0 24px 22px; padding: 0; color: #334155;\">\n<li style=\"margin-bottom: 8px;\">Les cr\u00e9ateurs \u00e0 la recherche des meilleurs outils d'IA<\/li>\n<li style=\"margin-bottom: 8px;\">Les professionnels explorent les outils de productivit\u00e9<\/li>\n<li style=\"margin-bottom: 8px;\">Les entreprises \u00e9valuent les solutions d'IA<\/li>\n<li style=\"margin-bottom: 8px;\">Quelqu'un en a assez des listes biais\u00e9es de \u201ctop 10\u201d ?<\/li>\n<\/ul>\n<h2 style=\"font-size: 28px; margin: 42px 0 16px; font-weight: 800; color: #0f172a;\">\n    Le mot de la fin<br \/>\n  <\/h2>\n<p style=\"margin: 0 0 20px;\">\n    Si vous \u00eates \u00e0 la recherche d'outils d'IA qui tiennent leurs promesses, vous \u00eates au bon endroit.\n  <\/p>\n<div style=\"margin-top: 40px; padding: 20px 22px; background: #f8fafc; border: 1px solid #e2e8f0; border-radius: 12px;\">\n<p style=\"margin: 0; color: #334155;\">\n      <strong>Notre engagement :<\/strong> Nous n'acceptons pas les classements r\u00e9mun\u00e9r\u00e9s ou les placements sponsoris\u00e9s dans nos analyses. Notre objectif est de fournir des informations pr\u00e9cises et fiables auxquelles vous pouvez vous fier.\n    <\/p>\n<\/p><\/div>\n<\/section>","protected":false},"excerpt":{"rendered":"<p>About AIReviewLab At AIReviewLab, we focus on one thing: publishing honest, real-world reviews of AI tools. In a space filled with hype, affiliate bias, and recycled content, we believe users deserve something better\u2014clear, tested, and trustworthy insights. Our Mission Our mission is simple: help you find AI tools that actually work. We don\u2019t chase trends. [&hellip;]<\/p>\n","protected":false},"author":1,"featured_media":0,"parent":0,"menu_order":0,"comment_status":"closed","ping_status":"closed","template":"","meta":{"_seopress_robots_primary_cat":"","_seopress_titles_title":"","_seopress_titles_desc":"","_seopress_robots_index":"","_uag_custom_page_level_css":"","footnotes":""},"class_list":["post-1578","page","type-page","status-publish","hentry"],"_hostinger_reach_plugin_has_subscription_block":false,"_hostinger_reach_plugin_is_elementor":false,"uagb_featured_image_src":{"full":false,"thumbnail":false,"medium":false,"medium_large":false,"large":false,"1536x1536":false,"2048x2048":false,"trp-custom-language-flag":false},"uagb_author_info":{"display_name":"Claude Delacroix","author_link":"https:\/\/aireviewlab.io\/fr\/author\/cloud-han03gmail-com\/"},"uagb_comment_info":0,"uagb_excerpt":"About AIReviewLab At AIReviewLab, we focus on one thing: publishing honest, real-world reviews of AI tools. In a space filled with hype, affiliate bias, and recycled content, we believe users deserve something better\u2014clear, tested, and trustworthy insights. Our Mission Our mission is simple: help you find AI tools that actually work. We don\u2019t chase trends.\u2026","_links":{"self":[{"href":"https:\/\/aireviewlab.io\/fr\/wp-json\/wp\/v2\/pages\/1578","targetHints":{"allow":["GET"]}}],"collection":[{"href":"https:\/\/aireviewlab.io\/fr\/wp-json\/wp\/v2\/pages"}],"about":[{"href":"https:\/\/aireviewlab.io\/fr\/wp-json\/wp\/v2\/types\/page"}],"author":[{"embeddable":true,"href":"https:\/\/aireviewlab.io\/fr\/wp-json\/wp\/v2\/users\/1"}],"replies":[{"embeddable":true,"href":"https:\/\/aireviewlab.io\/fr\/wp-json\/wp\/v2\/comments?post=1578"}],"version-history":[{"count":1,"href":"https:\/\/aireviewlab.io\/fr\/wp-json\/wp\/v2\/pages\/1578\/revisions"}],"predecessor-version":[{"id":2263,"href":"https:\/\/aireviewlab.io\/fr\/wp-json\/wp\/v2\/pages\/1578\/revisions\/2263"}],"wp:attachment":[{"href":"https:\/\/aireviewlab.io\/fr\/wp-json\/wp\/v2\/media?parent=1578"}],"curies":[{"name":"wp","href":"https:\/\/api.w.org\/{rel}","templated":true}]}}