{"id":776,"date":"2026-04-01T04:00:18","date_gmt":"2026-04-01T04:00:18","guid":{"rendered":"https:\/\/tan-cobra-527191.hostingersite.com\/home\/"},"modified":"2026-04-07T17:19:58","modified_gmt":"2026-04-07T17:19:58","slug":"home","status":"publish","type":"page","link":"https:\/\/aireviewlab.io\/es\/","title":{"rendered":"Rese\u00f1as honestas de herramientas de IA (pruebas y opiniones reales)"},"content":{"rendered":"<div data-elementor-type=\"wp-page\" data-elementor-id=\"776\" class=\"elementor elementor-776\" data-elementor-post-type=\"page\">\n\t\t\t\t<div class=\"elementor-element elementor-element-35be94c e-flex e-con-boxed e-con e-parent\" data-id=\"35be94c\" data-element_type=\"container\" data-e-type=\"container\">\n\t\t\t\t\t<div class=\"e-con-inner\">\n\t\t\t\t<div class=\"elementor-element elementor-element-69c1809 elementor-widget elementor-widget-html\" data-id=\"69c1809\" data-element_type=\"widget\" data-e-type=\"widget\" data-widget_type=\"html.default\">\n\t\t\t\t<div class=\"elementor-widget-container\">\n\t\t\t\t\t<section style=\"width:100%; background: linear-gradient(180deg, #dfeff1 0%, #eef7f8 100%); padding: 90px 20px 100px; position: relative; overflow: hidden;\">\r\n  \r\n  <div style=\"max-width: 1200px; margin: 0 auto; text-align: center;\">\r\n    \r\n    <!-- Small label -->\r\n    <div style=\"display:inline-block; margin-bottom: 22px; padding: 8px 18px; border-radius: 999px; background: rgba(14, 116, 120, 0.08); color: #0e7478; font-size: 13px; font-weight: 700; letter-spacing: 0.6px; text-transform: uppercase; font-family: Arial, sans-serif;\">\r\n      Rese\u00f1as honestas sobre IA\r\n    <\/div>\r\n    \r\n    <!-- Main headline -->\r\n    <h1 style=\"margin: 0 auto 22px; max-width: 980px; font-size: 56px; line-height: 1.12; font-weight: 800; letter-spacing: -1.5px; color: #16233b; font-family: Arial, sans-serif;\">\r\n      El m\u00e1s honesto\r\n      <span style=\"color:#0e7478;\">Sitio de revisi\u00f3n de herramientas de IA<\/span>\r\n      para usuarios reales\r\n    <\/h1>\r\n    \r\n    <!-- Subheadline -->\r\n    <p style=\"margin: 0 auto 36px; max-width: 760px; font-size: 20px; line-height: 1.75; color: #4b5563; font-weight: 400; font-family: Arial, sans-serif;\">\r\n     Probamos las herramientas de IA en casos de uso reales, dejamos a un lado las exageraciones y publicamos rese\u00f1as claras e imparciales para ayudarle a encontrar lo que realmente funciona.\r\n    <\/p>\r\n    \r\n    <!-- CTA buttons -->\r\n    <div style=\"display:flex; justify-content:center; align-items:center; gap:16px; flex-wrap:wrap; margin-bottom: 26px;\">\r\n      <a href=\"https:\/\/aireviewlab.io\/es\/ai-tools-reviews\/\" style=\"display:inline-block; background:#16233b; color:#ffffff; text-decoration:none; padding:16px 30px; border-radius:14px; font-size:16px; font-weight:700; font-family:Arial, sans-serif; box-shadow:0 10px 24px rgba(22,35,59,0.18);\">\r\n        Explorar los comentarios\r\n      <\/a>\r\n      \r\n      <a href=\"https:\/\/tan-cobra-527191.hostingersite.com\/about\/\" style=\"display:inline-block; background:transparent; color:#16233b; text-decoration:none; padding:16px 30px; border-radius:14px; font-size:16px; font-weight:700; font-family:Arial, sans-serif; border:1.5px solid rgba(22,35,59,0.16);\">\r\n        Acerca de AIReviewLab\r\n      <\/a>\r\n    <\/div>\r\n    \r\n    <!-- Supporting text -->\r\n    <p style=\"margin:0; font-size:14px; line-height:1.7; color:#6b7280; font-family:Arial, sans-serif;\">\r\n      Probado. Clasificado. Comparados. Sin palabrer\u00eda. Sin publicidad pagada.\r\n    <\/p>\r\n    \r\n  <\/div>\r\n<\/section>\t\t\t\t<\/div>\n\t\t\t\t<\/div>\n\t\t\t\t\t<\/div>\n\t\t\t\t<\/div>\n\t\t<div class=\"elementor-element elementor-element-42df79c e-flex e-con-boxed e-con e-parent\" data-id=\"42df79c\" data-element_type=\"container\" data-e-type=\"container\">\n\t\t\t\t\t<div class=\"e-con-inner\">\n\t\t\t\t<div class=\"elementor-element elementor-element-b51f63e elementor-grid-1 elementor-posts--thumbnail-left elementor-grid-tablet-2 elementor-grid-mobile-1 elementor-widget elementor-widget-posts\" data-id=\"b51f63e\" data-element_type=\"widget\" data-e-type=\"widget\" data-settings=\"{&quot;classic_columns&quot;:&quot;1&quot;,&quot;classic_columns_tablet&quot;:&quot;2&quot;,&quot;classic_columns_mobile&quot;:&quot;1&quot;,&quot;classic_row_gap&quot;:{&quot;unit&quot;:&quot;px&quot;,&quot;size&quot;:35,&quot;sizes&quot;:[]},&quot;classic_row_gap_tablet&quot;:{&quot;unit&quot;:&quot;px&quot;,&quot;size&quot;:&quot;&quot;,&quot;sizes&quot;:[]},&quot;classic_row_gap_mobile&quot;:{&quot;unit&quot;:&quot;px&quot;,&quot;size&quot;:&quot;&quot;,&quot;sizes&quot;:[]}}\" data-widget_type=\"posts.classic\">\n\t\t\t\t<div class=\"elementor-widget-container\">\n\t\t\t\t\t\t\t<div class=\"elementor-posts-container elementor-posts elementor-posts--skin-classic elementor-grid\" role=\"list\">\n\t\t\t\t<article class=\"elementor-post elementor-grid-item post-2504 post type-post status-publish format-standard has-post-thumbnail hentry category-ai-video\" role=\"listitem\">\n\t\t\t\t<a class=\"elementor-post__thumbnail__link\" href=\"https:\/\/aireviewlab.io\/es\/how-much-does-seedance-2-0-cost\/\" tabindex=\"-1\" >\n\t\t\t<div class=\"elementor-post__thumbnail\"><img fetchpriority=\"high\" decoding=\"async\" width=\"300\" height=\"201\" src=\"https:\/\/aireviewlab.io\/wp-content\/uploads\/2026\/04\/How-Much-Does-Seedance-2.0-Cost-Real-Budgets-for-Creators-300x201.webp\" class=\"attachment-medium size-medium wp-image-2512\" alt=\"how much does seedance 2.0 cost real budgets for creators\" srcset=\"https:\/\/aireviewlab.io\/wp-content\/uploads\/2026\/04\/How-Much-Does-Seedance-2.0-Cost-Real-Budgets-for-Creators-300x201.webp 300w, https:\/\/aireviewlab.io\/wp-content\/uploads\/2026\/04\/How-Much-Does-Seedance-2.0-Cost-Real-Budgets-for-Creators-1024x687.webp 1024w, https:\/\/aireviewlab.io\/wp-content\/uploads\/2026\/04\/How-Much-Does-Seedance-2.0-Cost-Real-Budgets-for-Creators-768x515.webp 768w, https:\/\/aireviewlab.io\/wp-content\/uploads\/2026\/04\/How-Much-Does-Seedance-2.0-Cost-Real-Budgets-for-Creators-1536x1030.webp 1536w, https:\/\/aireviewlab.io\/wp-content\/uploads\/2026\/04\/How-Much-Does-Seedance-2.0-Cost-Real-Budgets-for-Creators-2048x1374.webp 2048w, https:\/\/aireviewlab.io\/wp-content\/uploads\/2026\/04\/How-Much-Does-Seedance-2.0-Cost-Real-Budgets-for-Creators-18x12.webp 18w\" sizes=\"(max-width: 300px) 100vw, 300px\" title=\"\u00bfEs seguro Pollo AI? Facturaci\u00f3n, privacidad y riesgos explicados\"><\/div>\n\t\t<\/a>\n\t\t\t\t<div class=\"elementor-post__text\">\n\t\t\t\t<h2 class=\"elementor-post__title\">\n\t\t\t<a href=\"https:\/\/aireviewlab.io\/es\/how-much-does-seedance-2-0-cost\/\" >\n\t\t\t\t\u00bfCu\u00e1nto cuesta Seedance 2.0? Presupuestos reales para creadores\t\t\t<\/a>\n\t\t<\/h2>\n\t\t\t\t<div class=\"elementor-post__meta-data\">\n\t\t\t\t\t<span class=\"elementor-post-date\">\n\t\t\t04\/12\/2026\t\t<\/span>\n\t\t\t\t<span class=\"elementor-post-avatar\">\n\t\t\tNo hay comentarios\t\t<\/span>\n\t\t\t\t<\/div>\n\t\t\t\t<div class=\"elementor-post__excerpt\">\n\t\t\t<p>El coste de Seedance 2.0 var\u00eda dr\u00e1sticamente en funci\u00f3n de c\u00f3mo se acceda a \u00e9l. A diferencia de las herramientas SaaS tradicionales, no sigue un modelo simple de precios mensuales. En su lugar, funciona con un sistema basado en el uso y en el consumo de recursos inform\u00e1ticos. Seg\u00fan pruebas exhaustivas y an\u00e1lisis de mercado, un solo v\u00eddeo puede costar<\/p>\n\t\t<\/div>\n\t\t\n\t\t<a class=\"elementor-post__read-more\" href=\"https:\/\/aireviewlab.io\/es\/how-much-does-seedance-2-0-cost\/\" aria-label=\"Leer m\u00e1s sobre \u00bfCu\u00e1nto cuesta Seedance 2.0? Presupuestos reales para creadores\" tabindex=\"-1\" >\n\t\t\tLeer M\u00e1s \u00bb\t\t<\/a>\n\n\t\t\t\t<\/div>\n\t\t\t\t<\/article>\n\t\t\t\t<article class=\"elementor-post elementor-grid-item post-2469 post type-post status-publish format-standard has-post-thumbnail hentry category-ai-video\" role=\"listitem\">\n\t\t\t\t<a class=\"elementor-post__thumbnail__link\" href=\"https:\/\/aireviewlab.io\/es\/seedance-2-0-prompt-templates\/\" tabindex=\"-1\" >\n\t\t\t<div class=\"elementor-post__thumbnail\"><img decoding=\"async\" width=\"300\" height=\"163\" src=\"https:\/\/aireviewlab.io\/wp-content\/uploads\/2026\/04\/High-Converting-Seedance-2.0-Prompt-Templates-Ads-Music-Videos-Storytelling-300x163.webp\" class=\"attachment-medium size-medium wp-image-2518\" alt=\"high converting seedance 2.0 prompt templates (ads, music videos, storytelling)\" srcset=\"https:\/\/aireviewlab.io\/wp-content\/uploads\/2026\/04\/High-Converting-Seedance-2.0-Prompt-Templates-Ads-Music-Videos-Storytelling-300x163.webp 300w, https:\/\/aireviewlab.io\/wp-content\/uploads\/2026\/04\/High-Converting-Seedance-2.0-Prompt-Templates-Ads-Music-Videos-Storytelling-1024x557.webp 1024w, https:\/\/aireviewlab.io\/wp-content\/uploads\/2026\/04\/High-Converting-Seedance-2.0-Prompt-Templates-Ads-Music-Videos-Storytelling-768x418.webp 768w, https:\/\/aireviewlab.io\/wp-content\/uploads\/2026\/04\/High-Converting-Seedance-2.0-Prompt-Templates-Ads-Music-Videos-Storytelling-18x10.webp 18w, https:\/\/aireviewlab.io\/wp-content\/uploads\/2026\/04\/High-Converting-Seedance-2.0-Prompt-Templates-Ads-Music-Videos-Storytelling.webp 1103w\" sizes=\"(max-width: 300px) 100vw, 300px\" title=\"\u00bfEs seguro Pollo AI? Facturaci\u00f3n, privacidad y riesgos explicados\"><\/div>\n\t\t<\/a>\n\t\t\t\t<div class=\"elementor-post__text\">\n\t\t\t\t<h2 class=\"elementor-post__title\">\n\t\t\t<a href=\"https:\/\/aireviewlab.io\/es\/seedance-2-0-prompt-templates\/\" >\n\t\t\t\tPlantillas Seedance 2.0 de alta conversi\u00f3n (anuncios, v\u00eddeos musicales, narraci\u00f3n de historias)\t\t\t<\/a>\n\t\t<\/h2>\n\t\t\t\t<div class=\"elementor-post__meta-data\">\n\t\t\t\t\t<span class=\"elementor-post-date\">\n\t\t\t04\/12\/2026\t\t<\/span>\n\t\t\t\t<span class=\"elementor-post-avatar\">\n\t\t\tNo hay comentarios\t\t<\/span>\n\t\t\t\t<\/div>\n\t\t\t\t<div class=\"elementor-post__excerpt\">\n\t\t\t<p>Si ha probado Seedance 2.0 y sus resultados parecen incoherentes, torpes o aleatorios, el problema es casi siempre su indicador. Despu\u00e9s de probar docenas de flujos de trabajo y analizar patrones de uso reales, una cosa est\u00e1 clara: Seedance 2.0 no recompensa la creatividad, sino la estructura. Esta gu\u00eda le proporciona plantillas de avisos probadas y de alta conversi\u00f3n que usted puede<\/p>\n\t\t<\/div>\n\t\t\n\t\t<a class=\"elementor-post__read-more\" href=\"https:\/\/aireviewlab.io\/es\/seedance-2-0-prompt-templates\/\" aria-label=\"Leer m\u00e1s sobre Plantillas Seedance 2.0 de alta conversi\u00f3n (anuncios, v\u00eddeos musicales, narraci\u00f3n de historias)\" tabindex=\"-1\" >\n\t\t\tLeer M\u00e1s \u00bb\t\t<\/a>\n\n\t\t\t\t<\/div>\n\t\t\t\t<\/article>\n\t\t\t\t<article class=\"elementor-post elementor-grid-item post-2493 post type-post status-publish format-standard has-post-thumbnail hentry category-ai-video\" role=\"listitem\">\n\t\t\t\t<a class=\"elementor-post__thumbnail__link\" href=\"https:\/\/aireviewlab.io\/es\/best-use-cases-for-seedance-2-0\/\" tabindex=\"-1\" >\n\t\t\t<div class=\"elementor-post__thumbnail\"><img decoding=\"async\" width=\"300\" height=\"201\" src=\"https:\/\/aireviewlab.io\/wp-content\/uploads\/2026\/04\/Best-Use-Cases-for-Seedance-2.0-Real-World-Applications-Practical-Insights-300x201.webp\" class=\"attachment-medium size-medium wp-image-2500\" alt=\"best use cases for seedance 2.0 (real world applications &amp; practical insights)\" srcset=\"https:\/\/aireviewlab.io\/wp-content\/uploads\/2026\/04\/Best-Use-Cases-for-Seedance-2.0-Real-World-Applications-Practical-Insights-300x201.webp 300w, https:\/\/aireviewlab.io\/wp-content\/uploads\/2026\/04\/Best-Use-Cases-for-Seedance-2.0-Real-World-Applications-Practical-Insights-1024x687.webp 1024w, https:\/\/aireviewlab.io\/wp-content\/uploads\/2026\/04\/Best-Use-Cases-for-Seedance-2.0-Real-World-Applications-Practical-Insights-768x515.webp 768w, https:\/\/aireviewlab.io\/wp-content\/uploads\/2026\/04\/Best-Use-Cases-for-Seedance-2.0-Real-World-Applications-Practical-Insights-1536x1030.webp 1536w, https:\/\/aireviewlab.io\/wp-content\/uploads\/2026\/04\/Best-Use-Cases-for-Seedance-2.0-Real-World-Applications-Practical-Insights-2048x1374.webp 2048w, https:\/\/aireviewlab.io\/wp-content\/uploads\/2026\/04\/Best-Use-Cases-for-Seedance-2.0-Real-World-Applications-Practical-Insights-18x12.webp 18w\" sizes=\"(max-width: 300px) 100vw, 300px\" title=\"\u00bfEs seguro Pollo AI? Facturaci\u00f3n, privacidad y riesgos explicados\"><\/div>\n\t\t<\/a>\n\t\t\t\t<div class=\"elementor-post__text\">\n\t\t\t\t<h2 class=\"elementor-post__title\">\n\t\t\t<a href=\"https:\/\/aireviewlab.io\/es\/best-use-cases-for-seedance-2-0\/\" >\n\t\t\t\tLos mejores casos de uso de Seedance 2.0 (Aplicaciones reales e ideas pr\u00e1cticas)\t\t\t<\/a>\n\t\t<\/h2>\n\t\t\t\t<div class=\"elementor-post__meta-data\">\n\t\t\t\t\t<span class=\"elementor-post-date\">\n\t\t\t04\/12\/2026\t\t<\/span>\n\t\t\t\t<span class=\"elementor-post-avatar\">\n\t\t\tNo hay comentarios\t\t<\/span>\n\t\t\t\t<\/div>\n\t\t\t\t<div class=\"elementor-post__excerpt\">\n\t\t\t<p>Si est\u00e1s tratando de averiguar los mejores casos de uso para Seedance 2.0, la respuesta corta es la siguiente: \ud83d\udc49 No es una herramienta de producci\u00f3n de v\u00eddeo completa.\ud83d\udc49 Es un generador de tomas de alto rendimiento dise\u00f1ado para la velocidad, el impacto visual y la exploraci\u00f3n creativa. Tras analizar patrones de uso reales y probar flujos de trabajo, un claro patr\u00f3n<\/p>\n\t\t<\/div>\n\t\t\n\t\t<a class=\"elementor-post__read-more\" href=\"https:\/\/aireviewlab.io\/es\/best-use-cases-for-seedance-2-0\/\" aria-label=\"Leer m\u00e1s sobre Los mejores casos de uso de Seedance 2.0 (aplicaciones reales y conocimientos pr\u00e1cticos)\" tabindex=\"-1\" >\n\t\t\tLeer M\u00e1s \u00bb\t\t<\/a>\n\n\t\t\t\t<\/div>\n\t\t\t\t<\/article>\n\t\t\t\t<article class=\"elementor-post elementor-grid-item post-2466 post type-post status-publish format-standard has-post-thumbnail hentry category-ai-video\" role=\"listitem\">\n\t\t\t\t<a class=\"elementor-post__thumbnail__link\" href=\"https:\/\/aireviewlab.io\/es\/how-to-use-seedance-2-0\/\" tabindex=\"-1\" >\n\t\t\t<div class=\"elementor-post__thumbnail\"><img loading=\"lazy\" decoding=\"async\" width=\"300\" height=\"201\" src=\"https:\/\/aireviewlab.io\/wp-content\/uploads\/2026\/04\/How-to-Use-Seedance-2.0-2026-Guide-Real-Workflow-Costs-Limitations-Pro-Tips-300x201.webp\" class=\"attachment-medium size-medium wp-image-2475\" alt=\"how to use seedance 2.0 (2026 guide) real workflow, costs, limitations &amp; pro tips\" srcset=\"https:\/\/aireviewlab.io\/wp-content\/uploads\/2026\/04\/How-to-Use-Seedance-2.0-2026-Guide-Real-Workflow-Costs-Limitations-Pro-Tips-300x201.webp 300w, https:\/\/aireviewlab.io\/wp-content\/uploads\/2026\/04\/How-to-Use-Seedance-2.0-2026-Guide-Real-Workflow-Costs-Limitations-Pro-Tips-1024x687.webp 1024w, https:\/\/aireviewlab.io\/wp-content\/uploads\/2026\/04\/How-to-Use-Seedance-2.0-2026-Guide-Real-Workflow-Costs-Limitations-Pro-Tips-768x515.webp 768w, https:\/\/aireviewlab.io\/wp-content\/uploads\/2026\/04\/How-to-Use-Seedance-2.0-2026-Guide-Real-Workflow-Costs-Limitations-Pro-Tips-1536x1030.webp 1536w, https:\/\/aireviewlab.io\/wp-content\/uploads\/2026\/04\/How-to-Use-Seedance-2.0-2026-Guide-Real-Workflow-Costs-Limitations-Pro-Tips-2048x1374.webp 2048w, https:\/\/aireviewlab.io\/wp-content\/uploads\/2026\/04\/How-to-Use-Seedance-2.0-2026-Guide-Real-Workflow-Costs-Limitations-Pro-Tips-18x12.webp 18w\" sizes=\"(max-width: 300px) 100vw, 300px\" title=\"\u00bfEs seguro Pollo AI? Facturaci\u00f3n, privacidad y riesgos explicados\"><\/div>\n\t\t<\/a>\n\t\t\t\t<div class=\"elementor-post__text\">\n\t\t\t\t<h2 class=\"elementor-post__title\">\n\t\t\t<a href=\"https:\/\/aireviewlab.io\/es\/how-to-use-seedance-2-0\/\" >\n\t\t\t\tC\u00f3mo utilizar Seedance 2.0 (Gu\u00eda 2026): Flujo de trabajo real, costes, limitaciones y consejos profesionales\t\t\t<\/a>\n\t\t<\/h2>\n\t\t\t\t<div class=\"elementor-post__meta-data\">\n\t\t\t\t\t<span class=\"elementor-post-date\">\n\t\t\t04\/12\/2026\t\t<\/span>\n\t\t\t\t<span class=\"elementor-post-avatar\">\n\t\t\tNo hay comentarios\t\t<\/span>\n\t\t\t\t<\/div>\n\t\t\t\t<div class=\"elementor-post__excerpt\">\n\t\t\t<p>Para utilizar Seedance 2.0 con eficacia, es necesario dominar su sistema multimodal \u201cReferencia todo en uno\u201d. Para empezar, acceda a una plataforma compatible y cargue hasta 12 recursos, incluidas im\u00e1genes, clips de v\u00eddeo, audio y mensajes de texto. A continuaci\u00f3n, utilice la estructura @mention (por ejemplo, @Image1 como marco inicial, @Video1 para guiar el movimiento) para<\/p>\n\t\t<\/div>\n\t\t\n\t\t<a class=\"elementor-post__read-more\" href=\"https:\/\/aireviewlab.io\/es\/how-to-use-seedance-2-0\/\" aria-label=\"Leer m\u00e1s sobre C\u00f3mo utilizar Seedance 2.0 (Gu\u00eda 2026): Flujo de trabajo real, costes, limitaciones y consejos profesionales\" tabindex=\"-1\" >\n\t\t\tLeer M\u00e1s \u00bb\t\t<\/a>\n\n\t\t\t\t<\/div>\n\t\t\t\t<\/article>\n\t\t\t\t<article class=\"elementor-post elementor-grid-item post-2457 post type-post status-publish format-standard has-post-thumbnail hentry category-ai-video\" role=\"listitem\">\n\t\t\t\t<a class=\"elementor-post__thumbnail__link\" href=\"https:\/\/aireviewlab.io\/es\/is-pollo-ai-safe\/\" tabindex=\"-1\" >\n\t\t\t<div class=\"elementor-post__thumbnail\"><img loading=\"lazy\" decoding=\"async\" width=\"300\" height=\"201\" src=\"https:\/\/aireviewlab.io\/wp-content\/uploads\/2026\/04\/Is-Pollo-AI-Safe-Billing-Privacy-Risks-Explained-300x201.webp\" class=\"attachment-medium size-medium wp-image-2460\" alt=\"is pollo ai safe billing, privacy &amp; risks explained\" srcset=\"https:\/\/aireviewlab.io\/wp-content\/uploads\/2026\/04\/Is-Pollo-AI-Safe-Billing-Privacy-Risks-Explained-300x201.webp 300w, https:\/\/aireviewlab.io\/wp-content\/uploads\/2026\/04\/Is-Pollo-AI-Safe-Billing-Privacy-Risks-Explained-1024x687.webp 1024w, https:\/\/aireviewlab.io\/wp-content\/uploads\/2026\/04\/Is-Pollo-AI-Safe-Billing-Privacy-Risks-Explained-768x515.webp 768w, https:\/\/aireviewlab.io\/wp-content\/uploads\/2026\/04\/Is-Pollo-AI-Safe-Billing-Privacy-Risks-Explained-1536x1030.webp 1536w, https:\/\/aireviewlab.io\/wp-content\/uploads\/2026\/04\/Is-Pollo-AI-Safe-Billing-Privacy-Risks-Explained-2048x1374.webp 2048w, https:\/\/aireviewlab.io\/wp-content\/uploads\/2026\/04\/Is-Pollo-AI-Safe-Billing-Privacy-Risks-Explained-18x12.webp 18w\" sizes=\"(max-width: 300px) 100vw, 300px\" title=\"\u00bfEs seguro Pollo AI? Facturaci\u00f3n, privacidad y riesgos explicados\"><\/div>\n\t\t<\/a>\n\t\t\t\t<div class=\"elementor-post__text\">\n\t\t\t\t<h2 class=\"elementor-post__title\">\n\t\t\t<a href=\"https:\/\/aireviewlab.io\/es\/is-pollo-ai-safe\/\" >\n\t\t\t\t\u00bfEs seguro Pollo AI? Facturaci\u00f3n, privacidad y riesgos explicados\t\t\t<\/a>\n\t\t<\/h2>\n\t\t\t\t<div class=\"elementor-post__meta-data\">\n\t\t\t\t\t<span class=\"elementor-post-date\">\n\t\t\t04\/12\/2026\t\t<\/span>\n\t\t\t\t<span class=\"elementor-post-avatar\">\n\t\t\tNo hay comentarios\t\t<\/span>\n\t\t\t\t<\/div>\n\t\t\t\t<div class=\"elementor-post__excerpt\">\n\t\t\t<p>S\u00ed, Pollo AI es una plataforma de generaci\u00f3n de v\u00eddeo AI segura y leg\u00edtima a partir de 2026. Es propiedad de COCOSOFT TECHNOLOGY PTE. LTD., una entidad registrada en Singapur, y emplea el cifrado SSL\/TLS est\u00e1ndar del sector para proteger los datos de los usuarios. La plataforma ha logrado el cumplimiento de SOC2 Tipo 2 y se adhiere a GDPR y<\/p>\n\t\t<\/div>\n\t\t\n\t\t<a class=\"elementor-post__read-more\" href=\"https:\/\/aireviewlab.io\/es\/is-pollo-ai-safe\/\" aria-label=\"Leer m\u00e1s sobre \u00bfEs seguro Pollo AI? Facturaci\u00f3n, privacidad y riesgos\" tabindex=\"-1\" >\n\t\t\tLeer M\u00e1s \u00bb\t\t<\/a>\n\n\t\t\t\t<\/div>\n\t\t\t\t<\/article>\n\t\t\t\t<\/div>\n\t\t\n\t\t\t\t\t\t<\/div>\n\t\t\t\t<\/div>\n\t\t\t\t\t<\/div>\n\t\t\t\t<\/div>\n\t\t\t\t<\/div>","protected":false},"excerpt":{"rendered":"<p>Rese\u00f1as honestas sobre IA El sitio de rese\u00f1as m\u00e1s honesto sobre herramientas de IA para usuarios reales Probamos herramientas de IA en casos de uso del mundo real, dejamos de lado las exageraciones y publicamos rese\u00f1as claras e imparciales para ayudarle a encontrar lo que realmente funciona. Explorar rese\u00f1as sobre AIReviewLab Probado. Clasificadas. Comparadas. Sin palabrer\u00eda. Sin publicidad pagada.<\/p>","protected":false},"author":1,"featured_media":0,"parent":0,"menu_order":0,"comment_status":"closed","ping_status":"closed","template":"","meta":{"_seopress_robots_primary_cat":"","_seopress_titles_title":"AIReviewLab: Honest AI Tool Reviews (Real Tests & Insights)","_seopress_titles_desc":"Tired of fake AI rankings? We run real tests on AI tools and publish unbiased reviews. Compare the best AI video, image, and writing tools with real data.","_seopress_robots_index":"","_uag_custom_page_level_css":"","footnotes":""},"class_list":["post-776","page","type-page","status-publish","hentry"],"_hostinger_reach_plugin_has_subscription_block":false,"_hostinger_reach_plugin_is_elementor":false,"uagb_featured_image_src":{"full":false,"thumbnail":false,"medium":false,"medium_large":false,"large":false,"1536x1536":false,"2048x2048":false,"trp-custom-language-flag":false},"uagb_author_info":{"display_name":"Claude Delacroix","author_link":"https:\/\/aireviewlab.io\/es\/author\/cloud-han03gmail-com\/"},"uagb_comment_info":0,"uagb_excerpt":"Honest AI Reviews The Most Honest AI Tools Review Site for Real Users We test AI tools in real-world use cases, cut through the hype, and publish clear, unbiased reviews to help you find what actually works. Explore Reviews About AIReviewLab Tested. Ranked. Compared. No fluff. No paid hype.","_links":{"self":[{"href":"https:\/\/aireviewlab.io\/es\/wp-json\/wp\/v2\/pages\/776","targetHints":{"allow":["GET"]}}],"collection":[{"href":"https:\/\/aireviewlab.io\/es\/wp-json\/wp\/v2\/pages"}],"about":[{"href":"https:\/\/aireviewlab.io\/es\/wp-json\/wp\/v2\/types\/page"}],"author":[{"embeddable":true,"href":"https:\/\/aireviewlab.io\/es\/wp-json\/wp\/v2\/users\/1"}],"replies":[{"embeddable":true,"href":"https:\/\/aireviewlab.io\/es\/wp-json\/wp\/v2\/comments?post=776"}],"version-history":[{"count":33,"href":"https:\/\/aireviewlab.io\/es\/wp-json\/wp\/v2\/pages\/776\/revisions"}],"predecessor-version":[{"id":2374,"href":"https:\/\/aireviewlab.io\/es\/wp-json\/wp\/v2\/pages\/776\/revisions\/2374"}],"wp:attachment":[{"href":"https:\/\/aireviewlab.io\/es\/wp-json\/wp\/v2\/media?parent=776"}],"curies":[{"name":"wp","href":"https:\/\/api.w.org\/{rel}","templated":true}]}}