{"id":776,"date":"2026-04-01T04:00:18","date_gmt":"2026-04-01T04:00:18","guid":{"rendered":"https:\/\/tan-cobra-527191.hostingersite.com\/home\/"},"modified":"2026-04-07T17:19:58","modified_gmt":"2026-04-07T17:19:58","slug":"home","status":"publish","type":"page","link":"https:\/\/aireviewlab.io\/de\/","title":{"rendered":"Ehrliche AI-Tool-Bewertungen (echte Tests und Einblicke)"},"content":{"rendered":"<div data-elementor-type=\"wp-page\" data-elementor-id=\"776\" class=\"elementor elementor-776\" data-elementor-post-type=\"page\">\n\t\t\t\t<div class=\"elementor-element elementor-element-35be94c e-flex e-con-boxed e-con e-parent\" data-id=\"35be94c\" data-element_type=\"container\" data-e-type=\"container\">\n\t\t\t\t\t<div class=\"e-con-inner\">\n\t\t\t\t<div class=\"elementor-element elementor-element-69c1809 elementor-widget elementor-widget-html\" data-id=\"69c1809\" data-element_type=\"widget\" data-e-type=\"widget\" data-widget_type=\"html.default\">\n\t\t\t\t<div class=\"elementor-widget-container\">\n\t\t\t\t\t<section style=\"width:100%; background: linear-gradient(180deg, #dfeff1 0%, #eef7f8 100%); padding: 90px 20px 100px; position: relative; overflow: hidden;\">\r\n  \r\n  <div style=\"max-width: 1200px; margin: 0 auto; text-align: center;\">\r\n    \r\n    <!-- Small label -->\r\n    <div style=\"display:inline-block; margin-bottom: 22px; padding: 8px 18px; border-radius: 999px; background: rgba(14, 116, 120, 0.08); color: #0e7478; font-size: 13px; font-weight: 700; letter-spacing: 0.6px; text-transform: uppercase; font-family: Arial, sans-serif;\">\r\n      Ehrliche AI-Bewertungen\r\n    <\/div>\r\n    \r\n    <!-- Main headline -->\r\n    <h1 style=\"margin: 0 auto 22px; max-width: 980px; font-size: 56px; line-height: 1.12; font-weight: 800; letter-spacing: -1.5px; color: #16233b; font-family: Arial, sans-serif;\">\r\n      Die Ehrlichsten\r\n      <span style=\"color:#0e7478;\">AI Tools Review Site<\/span>\r\n      f\u00fcr echte Benutzer\r\n    <\/h1>\r\n    \r\n    <!-- Subheadline -->\r\n    <p style=\"margin: 0 auto 36px; max-width: 760px; font-size: 20px; line-height: 1.75; color: #4b5563; font-weight: 400; font-family: Arial, sans-serif;\">\r\n     Wir testen KI-Tools in realen Anwendungsf\u00e4llen, durchschauen den Hype und ver\u00f6ffentlichen klare, unvoreingenommene Bewertungen, damit Sie herausfinden k\u00f6nnen, was tats\u00e4chlich funktioniert.\r\n    <\/p>\r\n    \r\n    <!-- CTA buttons -->\r\n    <div style=\"display:flex; justify-content:center; align-items:center; gap:16px; flex-wrap:wrap; margin-bottom: 26px;\">\r\n      <a href=\"https:\/\/aireviewlab.io\/de\/ai-tools-reviews\/\" style=\"display:inline-block; background:#16233b; color:#ffffff; text-decoration:none; padding:16px 30px; border-radius:14px; font-size:16px; font-weight:700; font-family:Arial, sans-serif; box-shadow:0 10px 24px rgba(22,35,59,0.18);\">\r\n        Rezensionen erkunden\r\n      <\/a>\r\n      \r\n      <a href=\"https:\/\/tan-cobra-527191.hostingersite.com\/about\/\" style=\"display:inline-block; background:transparent; color:#16233b; text-decoration:none; padding:16px 30px; border-radius:14px; font-size:16px; font-weight:700; font-family:Arial, sans-serif; border:1.5px solid rgba(22,35,59,0.16);\">\r\n        \u00dcber AIReviewLab\r\n      <\/a>\r\n    <\/div>\r\n    \r\n    <!-- Supporting text -->\r\n    <p style=\"margin:0; font-size:14px; line-height:1.7; color:#6b7280; font-family:Arial, sans-serif;\">\r\n      Getestet. Eingestuft. Verglichen. Keine Floskeln. Kein bezahlter Hype.\r\n    <\/p>\r\n    \r\n  <\/div>\r\n<\/section>\t\t\t\t<\/div>\n\t\t\t\t<\/div>\n\t\t\t\t\t<\/div>\n\t\t\t\t<\/div>\n\t\t<div class=\"elementor-element elementor-element-42df79c e-flex e-con-boxed e-con e-parent\" data-id=\"42df79c\" data-element_type=\"container\" data-e-type=\"container\">\n\t\t\t\t\t<div class=\"e-con-inner\">\n\t\t\t\t<div class=\"elementor-element elementor-element-b51f63e elementor-grid-1 elementor-posts--thumbnail-left elementor-grid-tablet-2 elementor-grid-mobile-1 elementor-widget elementor-widget-posts\" data-id=\"b51f63e\" data-element_type=\"widget\" data-e-type=\"widget\" data-settings=\"{&quot;classic_columns&quot;:&quot;1&quot;,&quot;classic_columns_tablet&quot;:&quot;2&quot;,&quot;classic_columns_mobile&quot;:&quot;1&quot;,&quot;classic_row_gap&quot;:{&quot;unit&quot;:&quot;px&quot;,&quot;size&quot;:35,&quot;sizes&quot;:[]},&quot;classic_row_gap_tablet&quot;:{&quot;unit&quot;:&quot;px&quot;,&quot;size&quot;:&quot;&quot;,&quot;sizes&quot;:[]},&quot;classic_row_gap_mobile&quot;:{&quot;unit&quot;:&quot;px&quot;,&quot;size&quot;:&quot;&quot;,&quot;sizes&quot;:[]}}\" data-widget_type=\"posts.classic\">\n\t\t\t\t<div class=\"elementor-widget-container\">\n\t\t\t\t\t\t\t<div class=\"elementor-posts-container elementor-posts elementor-posts--skin-classic elementor-grid\" role=\"list\">\n\t\t\t\t<article class=\"elementor-post elementor-grid-item post-2504 post type-post status-publish format-standard has-post-thumbnail hentry category-ai-video\" role=\"listitem\">\n\t\t\t\t<a class=\"elementor-post__thumbnail__link\" href=\"https:\/\/aireviewlab.io\/de\/how-much-does-seedance-2-0-cost\/\" tabindex=\"-1\" >\n\t\t\t<div class=\"elementor-post__thumbnail\"><img fetchpriority=\"high\" decoding=\"async\" width=\"300\" height=\"201\" src=\"https:\/\/aireviewlab.io\/wp-content\/uploads\/2026\/04\/How-Much-Does-Seedance-2.0-Cost-Real-Budgets-for-Creators-300x201.webp\" class=\"attachment-medium size-medium wp-image-2512\" alt=\"how much does seedance 2.0 cost real budgets for creators\" srcset=\"https:\/\/aireviewlab.io\/wp-content\/uploads\/2026\/04\/How-Much-Does-Seedance-2.0-Cost-Real-Budgets-for-Creators-300x201.webp 300w, https:\/\/aireviewlab.io\/wp-content\/uploads\/2026\/04\/How-Much-Does-Seedance-2.0-Cost-Real-Budgets-for-Creators-1024x687.webp 1024w, https:\/\/aireviewlab.io\/wp-content\/uploads\/2026\/04\/How-Much-Does-Seedance-2.0-Cost-Real-Budgets-for-Creators-768x515.webp 768w, https:\/\/aireviewlab.io\/wp-content\/uploads\/2026\/04\/How-Much-Does-Seedance-2.0-Cost-Real-Budgets-for-Creators-1536x1030.webp 1536w, https:\/\/aireviewlab.io\/wp-content\/uploads\/2026\/04\/How-Much-Does-Seedance-2.0-Cost-Real-Budgets-for-Creators-2048x1374.webp 2048w, https:\/\/aireviewlab.io\/wp-content\/uploads\/2026\/04\/How-Much-Does-Seedance-2.0-Cost-Real-Budgets-for-Creators-18x12.webp 18w\" sizes=\"(max-width: 300px) 100vw, 300px\" title=\"Ist Pollo AI sicher? Abrechnung, Datenschutz und Risiken erkl\u00e4rt\"><\/div>\n\t\t<\/a>\n\t\t\t\t<div class=\"elementor-post__text\">\n\t\t\t\t<h2 class=\"elementor-post__title\">\n\t\t\t<a href=\"https:\/\/aireviewlab.io\/de\/how-much-does-seedance-2-0-cost\/\" >\n\t\t\t\tWie viel kostet Seedance 2.0? Echte Budgets f\u00fcr Sch\u00f6pfer\t\t\t<\/a>\n\t\t<\/h2>\n\t\t\t\t<div class=\"elementor-post__meta-data\">\n\t\t\t\t\t<span class=\"elementor-post-date\">\n\t\t\t04\/12\/2026\t\t<\/span>\n\t\t\t\t<span class=\"elementor-post-avatar\">\n\t\t\tKeine Kommentare\t\t<\/span>\n\t\t\t\t<\/div>\n\t\t\t\t<div class=\"elementor-post__excerpt\">\n\t\t\t<p>Die Kosten f\u00fcr Seedance 2.0 variieren stark, je nachdem, wie Sie darauf zugreifen. Im Gegensatz zu herk\u00f6mmlichen SaaS-Tools folgt es keinem einfachen monatlichen Preismodell. Stattdessen arbeitet es mit einem nutzungsbasierten System, das sich nach dem Verbrauch von Rechenleistung richtet. Auf der Grundlage umfangreicher Tests und Marktanalysen kann ein einziges Video \u00fcberall kosten<\/p>\n\t\t<\/div>\n\t\t\n\t\t<a class=\"elementor-post__read-more\" href=\"https:\/\/aireviewlab.io\/de\/how-much-does-seedance-2-0-cost\/\" aria-label=\"Lesen Sie mehr \u00fcber Wie viel kostet Seedance 2.0? Echte Budgets f\u00fcr Sch\u00f6pfer\" tabindex=\"-1\" >\n\t\t\tMehr lesen \u00bb\t\t<\/a>\n\n\t\t\t\t<\/div>\n\t\t\t\t<\/article>\n\t\t\t\t<article class=\"elementor-post elementor-grid-item post-2469 post type-post status-publish format-standard has-post-thumbnail hentry category-ai-video\" role=\"listitem\">\n\t\t\t\t<a class=\"elementor-post__thumbnail__link\" href=\"https:\/\/aireviewlab.io\/de\/seedance-2-0-prompt-templates\/\" tabindex=\"-1\" >\n\t\t\t<div class=\"elementor-post__thumbnail\"><img decoding=\"async\" width=\"300\" height=\"163\" src=\"https:\/\/aireviewlab.io\/wp-content\/uploads\/2026\/04\/High-Converting-Seedance-2.0-Prompt-Templates-Ads-Music-Videos-Storytelling-300x163.webp\" class=\"attachment-medium size-medium wp-image-2518\" alt=\"high converting seedance 2.0 prompt templates (ads, music videos, storytelling)\" srcset=\"https:\/\/aireviewlab.io\/wp-content\/uploads\/2026\/04\/High-Converting-Seedance-2.0-Prompt-Templates-Ads-Music-Videos-Storytelling-300x163.webp 300w, https:\/\/aireviewlab.io\/wp-content\/uploads\/2026\/04\/High-Converting-Seedance-2.0-Prompt-Templates-Ads-Music-Videos-Storytelling-1024x557.webp 1024w, https:\/\/aireviewlab.io\/wp-content\/uploads\/2026\/04\/High-Converting-Seedance-2.0-Prompt-Templates-Ads-Music-Videos-Storytelling-768x418.webp 768w, https:\/\/aireviewlab.io\/wp-content\/uploads\/2026\/04\/High-Converting-Seedance-2.0-Prompt-Templates-Ads-Music-Videos-Storytelling-18x10.webp 18w, https:\/\/aireviewlab.io\/wp-content\/uploads\/2026\/04\/High-Converting-Seedance-2.0-Prompt-Templates-Ads-Music-Videos-Storytelling.webp 1103w\" sizes=\"(max-width: 300px) 100vw, 300px\" title=\"Ist Pollo AI sicher? Abrechnung, Datenschutz und Risiken erkl\u00e4rt\"><\/div>\n\t\t<\/a>\n\t\t\t\t<div class=\"elementor-post__text\">\n\t\t\t\t<h2 class=\"elementor-post__title\">\n\t\t\t<a href=\"https:\/\/aireviewlab.io\/de\/seedance-2-0-prompt-templates\/\" >\n\t\t\t\tHochkonvertierende Seedance 2.0 Prompt-Vorlagen (Werbung, Musikvideos, Storytelling)\t\t\t<\/a>\n\t\t<\/h2>\n\t\t\t\t<div class=\"elementor-post__meta-data\">\n\t\t\t\t\t<span class=\"elementor-post-date\">\n\t\t\t04\/12\/2026\t\t<\/span>\n\t\t\t\t<span class=\"elementor-post-avatar\">\n\t\t\tKeine Kommentare\t\t<\/span>\n\t\t\t\t<\/div>\n\t\t\t\t<div class=\"elementor-post__excerpt\">\n\t\t\t<p>Wenn Sie Seedance 2.0 ausprobiert haben und Ihre Ergebnisse inkonsistent, ungeschickt oder zuf\u00e4llig aussehen, liegt das Problem fast immer an Ihrem Prompt. Nachdem wir Dutzende von Workflows getestet und reale Nutzungsmuster analysiert haben, ist eines klar: Seedance 2.0 belohnt nicht die Kreativit\u00e4t, sondern die Struktur. Dieser Leitfaden gibt Ihnen bew\u00e4hrte, hochkonvertierende Prompt-Vorlagen an die Hand, die Sie<\/p>\n\t\t<\/div>\n\t\t\n\t\t<a class=\"elementor-post__read-more\" href=\"https:\/\/aireviewlab.io\/de\/seedance-2-0-prompt-templates\/\" aria-label=\"Lesen Sie mehr \u00fcber Hochkonvertierende Seedance 2.0 Prompt Templates (Ads, Musikvideos, Storytelling)\" tabindex=\"-1\" >\n\t\t\tMehr lesen \u00bb\t\t<\/a>\n\n\t\t\t\t<\/div>\n\t\t\t\t<\/article>\n\t\t\t\t<article class=\"elementor-post elementor-grid-item post-2493 post type-post status-publish format-standard has-post-thumbnail hentry category-ai-video\" role=\"listitem\">\n\t\t\t\t<a class=\"elementor-post__thumbnail__link\" href=\"https:\/\/aireviewlab.io\/de\/best-use-cases-for-seedance-2-0\/\" tabindex=\"-1\" >\n\t\t\t<div class=\"elementor-post__thumbnail\"><img decoding=\"async\" width=\"300\" height=\"201\" src=\"https:\/\/aireviewlab.io\/wp-content\/uploads\/2026\/04\/Best-Use-Cases-for-Seedance-2.0-Real-World-Applications-Practical-Insights-300x201.webp\" class=\"attachment-medium size-medium wp-image-2500\" alt=\"best use cases for seedance 2.0 (real world applications &amp; practical insights)\" srcset=\"https:\/\/aireviewlab.io\/wp-content\/uploads\/2026\/04\/Best-Use-Cases-for-Seedance-2.0-Real-World-Applications-Practical-Insights-300x201.webp 300w, https:\/\/aireviewlab.io\/wp-content\/uploads\/2026\/04\/Best-Use-Cases-for-Seedance-2.0-Real-World-Applications-Practical-Insights-1024x687.webp 1024w, https:\/\/aireviewlab.io\/wp-content\/uploads\/2026\/04\/Best-Use-Cases-for-Seedance-2.0-Real-World-Applications-Practical-Insights-768x515.webp 768w, https:\/\/aireviewlab.io\/wp-content\/uploads\/2026\/04\/Best-Use-Cases-for-Seedance-2.0-Real-World-Applications-Practical-Insights-1536x1030.webp 1536w, https:\/\/aireviewlab.io\/wp-content\/uploads\/2026\/04\/Best-Use-Cases-for-Seedance-2.0-Real-World-Applications-Practical-Insights-2048x1374.webp 2048w, https:\/\/aireviewlab.io\/wp-content\/uploads\/2026\/04\/Best-Use-Cases-for-Seedance-2.0-Real-World-Applications-Practical-Insights-18x12.webp 18w\" sizes=\"(max-width: 300px) 100vw, 300px\" title=\"Ist Pollo AI sicher? Abrechnung, Datenschutz und Risiken erkl\u00e4rt\"><\/div>\n\t\t<\/a>\n\t\t\t\t<div class=\"elementor-post__text\">\n\t\t\t\t<h2 class=\"elementor-post__title\">\n\t\t\t<a href=\"https:\/\/aireviewlab.io\/de\/best-use-cases-for-seedance-2-0\/\" >\n\t\t\t\tBest Use Cases f\u00fcr Seedance 2.0 (Real-World Applications &amp; Practical Insights)\t\t\t<\/a>\n\t\t<\/h2>\n\t\t\t\t<div class=\"elementor-post__meta-data\">\n\t\t\t\t\t<span class=\"elementor-post-date\">\n\t\t\t04\/12\/2026\t\t<\/span>\n\t\t\t\t<span class=\"elementor-post-avatar\">\n\t\t\tKeine Kommentare\t\t<\/span>\n\t\t\t\t<\/div>\n\t\t\t\t<div class=\"elementor-post__excerpt\">\n\t\t\t<p>Wenn Sie versuchen, die besten Anwendungsf\u00e4lle f\u00fcr Seedance 2.0 herauszufinden, ist die kurze Antwort diese: \ud83d\udc49 Es ist kein vollwertiges Videoproduktionstool \ud83d\udc49 Es ist ein hochleistungsf\u00e4higer Shot-Generator, der auf Geschwindigkeit, visuelle Wirkung und kreative Erkundung ausgelegt ist. Nach der Analyse von realen Nutzungsmustern und dem Testen von Arbeitsabl\u00e4ufen ist ein klares Muster erkennbar<\/p>\n\t\t<\/div>\n\t\t\n\t\t<a class=\"elementor-post__read-more\" href=\"https:\/\/aireviewlab.io\/de\/best-use-cases-for-seedance-2-0\/\" aria-label=\"Lesen Sie mehr \u00fcber Best Use Cases f\u00fcr Seedance 2.0 (Real-World Applications &amp; Practical Insights)\" tabindex=\"-1\" >\n\t\t\tMehr lesen \u00bb\t\t<\/a>\n\n\t\t\t\t<\/div>\n\t\t\t\t<\/article>\n\t\t\t\t<article class=\"elementor-post elementor-grid-item post-2466 post type-post status-publish format-standard has-post-thumbnail hentry category-ai-video\" role=\"listitem\">\n\t\t\t\t<a class=\"elementor-post__thumbnail__link\" href=\"https:\/\/aireviewlab.io\/de\/how-to-use-seedance-2-0\/\" tabindex=\"-1\" >\n\t\t\t<div class=\"elementor-post__thumbnail\"><img loading=\"lazy\" decoding=\"async\" width=\"300\" height=\"201\" src=\"https:\/\/aireviewlab.io\/wp-content\/uploads\/2026\/04\/How-to-Use-Seedance-2.0-2026-Guide-Real-Workflow-Costs-Limitations-Pro-Tips-300x201.webp\" class=\"attachment-medium size-medium wp-image-2475\" alt=\"how to use seedance 2.0 (2026 guide) real workflow, costs, limitations &amp; pro tips\" srcset=\"https:\/\/aireviewlab.io\/wp-content\/uploads\/2026\/04\/How-to-Use-Seedance-2.0-2026-Guide-Real-Workflow-Costs-Limitations-Pro-Tips-300x201.webp 300w, https:\/\/aireviewlab.io\/wp-content\/uploads\/2026\/04\/How-to-Use-Seedance-2.0-2026-Guide-Real-Workflow-Costs-Limitations-Pro-Tips-1024x687.webp 1024w, https:\/\/aireviewlab.io\/wp-content\/uploads\/2026\/04\/How-to-Use-Seedance-2.0-2026-Guide-Real-Workflow-Costs-Limitations-Pro-Tips-768x515.webp 768w, https:\/\/aireviewlab.io\/wp-content\/uploads\/2026\/04\/How-to-Use-Seedance-2.0-2026-Guide-Real-Workflow-Costs-Limitations-Pro-Tips-1536x1030.webp 1536w, https:\/\/aireviewlab.io\/wp-content\/uploads\/2026\/04\/How-to-Use-Seedance-2.0-2026-Guide-Real-Workflow-Costs-Limitations-Pro-Tips-2048x1374.webp 2048w, https:\/\/aireviewlab.io\/wp-content\/uploads\/2026\/04\/How-to-Use-Seedance-2.0-2026-Guide-Real-Workflow-Costs-Limitations-Pro-Tips-18x12.webp 18w\" sizes=\"(max-width: 300px) 100vw, 300px\" title=\"Ist Pollo AI sicher? Abrechnung, Datenschutz und Risiken erkl\u00e4rt\"><\/div>\n\t\t<\/a>\n\t\t\t\t<div class=\"elementor-post__text\">\n\t\t\t\t<h2 class=\"elementor-post__title\">\n\t\t\t<a href=\"https:\/\/aireviewlab.io\/de\/how-to-use-seedance-2-0\/\" >\n\t\t\t\tWie man Seedance 2.0 verwendet (2026 Leitfaden): Echte Arbeitsabl\u00e4ufe, Kosten, Einschr\u00e4nkungen und Profi-Tipps\t\t\t<\/a>\n\t\t<\/h2>\n\t\t\t\t<div class=\"elementor-post__meta-data\">\n\t\t\t\t\t<span class=\"elementor-post-date\">\n\t\t\t04\/12\/2026\t\t<\/span>\n\t\t\t\t<span class=\"elementor-post-avatar\">\n\t\t\tKeine Kommentare\t\t<\/span>\n\t\t\t\t<\/div>\n\t\t\t\t<div class=\"elementor-post__excerpt\">\n\t\t\t<p>Um Seedance 2.0 effektiv zu nutzen, m\u00fcssen Sie das multimodale \u201cAll-in-one Reference\u201d-System beherrschen. Beginnen Sie mit dem Zugriff auf eine unterst\u00fctzte Plattform und laden Sie bis zu 12 Elemente hoch, darunter Bilder, Videoclips, Audio und Textaufforderungen. Verwenden Sie dann die @mention-Struktur (z. B. @Bild1 als Startbild, @Video1 f\u00fcr die Bewegungsf\u00fchrung), um<\/p>\n\t\t<\/div>\n\t\t\n\t\t<a class=\"elementor-post__read-more\" href=\"https:\/\/aireviewlab.io\/de\/how-to-use-seedance-2-0\/\" aria-label=\"Lesen Sie mehr \u00fcber die Verwendung von Seedance 2.0 (2026 Guide): Echte Arbeitsabl\u00e4ufe, Kosten, Beschr\u00e4nkungen und Profi-Tipps\" tabindex=\"-1\" >\n\t\t\tMehr lesen \u00bb\t\t<\/a>\n\n\t\t\t\t<\/div>\n\t\t\t\t<\/article>\n\t\t\t\t<article class=\"elementor-post elementor-grid-item post-2457 post type-post status-publish format-standard has-post-thumbnail hentry category-ai-video\" role=\"listitem\">\n\t\t\t\t<a class=\"elementor-post__thumbnail__link\" href=\"https:\/\/aireviewlab.io\/de\/is-pollo-ai-safe\/\" tabindex=\"-1\" >\n\t\t\t<div class=\"elementor-post__thumbnail\"><img loading=\"lazy\" decoding=\"async\" width=\"300\" height=\"201\" src=\"https:\/\/aireviewlab.io\/wp-content\/uploads\/2026\/04\/Is-Pollo-AI-Safe-Billing-Privacy-Risks-Explained-300x201.webp\" class=\"attachment-medium size-medium wp-image-2460\" alt=\"is pollo ai safe billing, privacy &amp; risks explained\" srcset=\"https:\/\/aireviewlab.io\/wp-content\/uploads\/2026\/04\/Is-Pollo-AI-Safe-Billing-Privacy-Risks-Explained-300x201.webp 300w, https:\/\/aireviewlab.io\/wp-content\/uploads\/2026\/04\/Is-Pollo-AI-Safe-Billing-Privacy-Risks-Explained-1024x687.webp 1024w, https:\/\/aireviewlab.io\/wp-content\/uploads\/2026\/04\/Is-Pollo-AI-Safe-Billing-Privacy-Risks-Explained-768x515.webp 768w, https:\/\/aireviewlab.io\/wp-content\/uploads\/2026\/04\/Is-Pollo-AI-Safe-Billing-Privacy-Risks-Explained-1536x1030.webp 1536w, https:\/\/aireviewlab.io\/wp-content\/uploads\/2026\/04\/Is-Pollo-AI-Safe-Billing-Privacy-Risks-Explained-2048x1374.webp 2048w, https:\/\/aireviewlab.io\/wp-content\/uploads\/2026\/04\/Is-Pollo-AI-Safe-Billing-Privacy-Risks-Explained-18x12.webp 18w\" sizes=\"(max-width: 300px) 100vw, 300px\" title=\"Ist Pollo AI sicher? Abrechnung, Datenschutz und Risiken erkl\u00e4rt\"><\/div>\n\t\t<\/a>\n\t\t\t\t<div class=\"elementor-post__text\">\n\t\t\t\t<h2 class=\"elementor-post__title\">\n\t\t\t<a href=\"https:\/\/aireviewlab.io\/de\/is-pollo-ai-safe\/\" >\n\t\t\t\tIst Pollo AI sicher? Abrechnung, Datenschutz und Risiken erkl\u00e4rt\t\t\t<\/a>\n\t\t<\/h2>\n\t\t\t\t<div class=\"elementor-post__meta-data\">\n\t\t\t\t\t<span class=\"elementor-post-date\">\n\t\t\t04\/12\/2026\t\t<\/span>\n\t\t\t\t<span class=\"elementor-post-avatar\">\n\t\t\tKeine Kommentare\t\t<\/span>\n\t\t\t\t<\/div>\n\t\t\t\t<div class=\"elementor-post__excerpt\">\n\t\t\t<p>Ja, Pollo AI ist eine sichere und legitime KI-Videoplattform f\u00fcr das Jahr 2026. Sie ist im Besitz von COCOSOFT TECHNOLOGY PTE. LTD., einem in Singapur eingetragenen Unternehmen, und verwendet eine dem Industriestandard entsprechende SSL\/TLS-Verschl\u00fcsselung zum Schutz der Nutzerdaten. Die Plattform ist nach SOC2 Typ 2 zertifiziert und erf\u00fcllt die GDPR- und<\/p>\n\t\t<\/div>\n\t\t\n\t\t<a class=\"elementor-post__read-more\" href=\"https:\/\/aireviewlab.io\/de\/is-pollo-ai-safe\/\" aria-label=\"Lesen Sie mehr \u00fcber Ist Pollo AI sicher? Abrechnung, Datenschutz und Risiken erkl\u00e4rt\" tabindex=\"-1\" >\n\t\t\tMehr lesen \u00bb\t\t<\/a>\n\n\t\t\t\t<\/div>\n\t\t\t\t<\/article>\n\t\t\t\t<\/div>\n\t\t\n\t\t\t\t\t\t<\/div>\n\t\t\t\t<\/div>\n\t\t\t\t\t<\/div>\n\t\t\t\t<\/div>\n\t\t\t\t<\/div>","protected":false},"excerpt":{"rendered":"<p>Ehrliche KI-Bewertungen Die ehrlichste KI-Tool-Bewertungsseite f\u00fcr echte Benutzer Wir testen KI-Tools in realen Anwendungsf\u00e4llen, durchschauen den Hype und ver\u00f6ffentlichen klare, unvoreingenommene Bewertungen, damit Sie herausfinden k\u00f6nnen, was tats\u00e4chlich funktioniert. Entdecken Sie Bewertungen \u00fcber AIReviewLab Getestet. Eingestuft. Verglichen. Keine Floskeln. Kein bezahlter Hype.<\/p>","protected":false},"author":1,"featured_media":0,"parent":0,"menu_order":0,"comment_status":"closed","ping_status":"closed","template":"","meta":{"_seopress_robots_primary_cat":"","_seopress_titles_title":"AIReviewLab: Honest AI Tool Reviews (Real Tests & Insights)","_seopress_titles_desc":"Tired of fake AI rankings? We run real tests on AI tools and publish unbiased reviews. Compare the best AI video, image, and writing tools with real data.","_seopress_robots_index":"","_uag_custom_page_level_css":"","footnotes":""},"class_list":["post-776","page","type-page","status-publish","hentry"],"_hostinger_reach_plugin_has_subscription_block":false,"_hostinger_reach_plugin_is_elementor":false,"uagb_featured_image_src":{"full":false,"thumbnail":false,"medium":false,"medium_large":false,"large":false,"1536x1536":false,"2048x2048":false,"trp-custom-language-flag":false},"uagb_author_info":{"display_name":"Claude Delacroix","author_link":"https:\/\/aireviewlab.io\/de\/author\/cloud-han03gmail-com\/"},"uagb_comment_info":0,"uagb_excerpt":"Honest AI Reviews The Most Honest AI Tools Review Site for Real Users We test AI tools in real-world use cases, cut through the hype, and publish clear, unbiased reviews to help you find what actually works. Explore Reviews About AIReviewLab Tested. Ranked. Compared. No fluff. No paid hype.","_links":{"self":[{"href":"https:\/\/aireviewlab.io\/de\/wp-json\/wp\/v2\/pages\/776","targetHints":{"allow":["GET"]}}],"collection":[{"href":"https:\/\/aireviewlab.io\/de\/wp-json\/wp\/v2\/pages"}],"about":[{"href":"https:\/\/aireviewlab.io\/de\/wp-json\/wp\/v2\/types\/page"}],"author":[{"embeddable":true,"href":"https:\/\/aireviewlab.io\/de\/wp-json\/wp\/v2\/users\/1"}],"replies":[{"embeddable":true,"href":"https:\/\/aireviewlab.io\/de\/wp-json\/wp\/v2\/comments?post=776"}],"version-history":[{"count":33,"href":"https:\/\/aireviewlab.io\/de\/wp-json\/wp\/v2\/pages\/776\/revisions"}],"predecessor-version":[{"id":2374,"href":"https:\/\/aireviewlab.io\/de\/wp-json\/wp\/v2\/pages\/776\/revisions\/2374"}],"wp:attachment":[{"href":"https:\/\/aireviewlab.io\/de\/wp-json\/wp\/v2\/media?parent=776"}],"curies":[{"name":"wp","href":"https:\/\/api.w.org\/{rel}","templated":true}]}}