{"id":1578,"date":"2026-04-01T04:00:18","date_gmt":"2026-04-01T04:00:18","guid":{"rendered":"https:\/\/tan-cobra-527191.hostingersite.com\/about\/"},"modified":"2026-04-03T00:22:34","modified_gmt":"2026-04-03T00:22:34","slug":"about","status":"publish","type":"page","link":"https:\/\/aireviewlab.io\/de\/about\/","title":{"rendered":"\u00dcber"},"content":{"rendered":"<section style=\"max-width: 860px; margin: 0 auto; padding: 40px 20px; font-family: -apple-system, BlinkMacSystemFont, 'Segoe UI', Roboto, Arial, sans-serif; color: #1e293b; line-height: 1.8;\">\n<h1 style=\"font-size: 42px; line-height: 1.2; margin: 0 0 24px; font-weight: 800; color: #0f172a;\">\n    \u00dcber AIReviewLab<br \/>\n  <\/h1>\n<p style=\"font-size: 18px; color: #475569; margin: 0 0 32px;\">\n    Bei AIReviewLab konzentrieren wir uns auf eine Sache:<br \/>\n    <strong>Ver\u00f6ffentlichung ehrlicher, praxisnaher Bewertungen von KI-Tools.<\/strong>\n  <\/p>\n<p style=\"margin: 0 0 20px;\">\n    Wir sind der Meinung, dass die Nutzer in einem Umfeld, das von Hype, Affiliate-Voreingenommenheit und recycelten Inhalten gepr\u00e4gt ist, etwas Besseres verdient haben - klare, getestete und vertrauensw\u00fcrdige Erkenntnisse.\n  <\/p>\n<h2 style=\"font-size: 28px; margin: 42px 0 16px; font-weight: 800; color: #0f172a;\">\n    Unser Auftrag<br \/>\n  <\/h2>\n<p style=\"margin: 0 0 20px;\">\n    Unser Auftrag ist einfach:<br \/>\n    <strong>helfen Ihnen, KI-Tools zu finden, die tats\u00e4chlich funktionieren.<\/strong>\n  <\/p>\n<p style=\"margin: 0 0 20px;\">\n    Wir jagen nicht nach Trends. Wir ver\u00f6ffentlichen keine Rankings nur f\u00fcr Klicks. Wir testen Tools, analysieren die Ergebnisse und teilen, was wir wirklich gut oder schlecht finden.\n  <\/p>\n<h2 style=\"font-size: 28px; margin: 42px 0 16px; font-weight: 800; color: #0f172a;\">\n    Was uns auszeichnet<br \/>\n  <\/h2>\n<h3 style=\"font-size: 22px; margin: 28px 0 10px; font-weight: 700; color: #0f172a;\">\n    Echte Tests, nicht nur Meinungen<br \/>\n  <\/h3>\n<p style=\"margin: 0 0 18px;\">\n    Jedes von uns gepr\u00fcfte Tool wird in realen Szenarien getestet - egal, ob es um die Erstellung von Videos, die Bearbeitung von Bildern oder das Schreiben von Inhalten geht.\n  <\/p>\n<h3 style=\"font-size: 22px; margin: 28px 0 10px; font-weight: 700; color: #0f172a;\">\n    Kein Hype, kein R\u00e4tselraten<br \/>\n  <\/h3>\n<p style=\"margin: 0 0 18px;\">\n    Wir vermeiden \u00fcberzogene Behauptungen und Marketing-Schlagworte. Wenn ein Werkzeug nicht die gew\u00fcnschte Leistung bringt, sagen wir es.\n  <\/p>\n<h3 style=\"font-size: 22px; margin: 28px 0 10px; font-weight: 700; color: #0f172a;\">\n    Klare Vergleiche<br \/>\n  <\/h3>\n<p style=\"margin: 0 0 18px;\">\n    Wir vergleichen die Tools nebeneinander, damit Sie schnell erkennen k\u00f6nnen, was f\u00fcr Ihre Bed\u00fcrfnisse am besten geeignet ist.\n  <\/p>\n<h3 style=\"font-size: 22px; margin: 28px 0 10px; font-weight: 700; color: #0f172a;\">\n    Gebaut f\u00fcr Benutzer, nicht f\u00fcr Algorithmen<br \/>\n  <\/h3>\n<p style=\"margin: 0 0 18px;\">\n    Unsere Inhalte sollen echten Menschen helfen, Entscheidungen zu treffen - und nicht nur in den Suchmaschinen auftauchen.\n  <\/p>\n<h2 style=\"font-size: 28px; margin: 42px 0 16px; font-weight: 800; color: #0f172a;\">\n    Wie wir AI-Tools pr\u00fcfen<br \/>\n  <\/h2>\n<p style=\"margin: 0 0 18px;\">\n    Unser \u00dcberpr\u00fcfungsprozess konzentriert sich auf das, was wirklich wichtig ist:\n  <\/p>\n<ul style=\"margin: 0 0 24px 22px; padding: 0; color: #334155;\">\n<li style=\"margin-bottom: 8px;\">Benutzerfreundlichkeit<\/li>\n<li style=\"margin-bottom: 8px;\">Qualit\u00e4t der Ausgabe<\/li>\n<li style=\"margin-bottom: 8px;\">Geschwindigkeit und Zuverl\u00e4ssigkeit<\/li>\n<li style=\"margin-bottom: 8px;\">Preisgestaltung vs. Wert<\/li>\n<li style=\"margin-bottom: 8px;\">Leistung in der realen Welt<\/li>\n<\/ul>\n<p style=\"margin: 0 0 20px;\">\n    Wir testen Tools in mehreren Anwendungsf\u00e4llen, um sicherzustellen, dass unsere Schlussfolgerungen auf tats\u00e4chlichen Ergebnissen und nicht auf Annahmen beruhen.\n  <\/p>\n<h2 style=\"font-size: 28px; margin: 42px 0 16px; font-weight: 800; color: #0f172a;\">\n    Unsere Philosophie<br \/>\n  <\/h2>\n<p style=\"margin: 0 0 18px;\">\n    Wir glauben daran:\n  <\/p>\n<ul style=\"margin: 0 0 24px 22px; padding: 0; color: #334155;\">\n<li style=\"margin-bottom: 8px;\"><strong>Vertrauen wird durch Transparenz gewonnen<\/strong><\/li>\n<li style=\"margin-bottom: 8px;\"><strong>Gute Werkzeuge sollten sich durch Ergebnisse bew\u00e4hren<\/strong><\/li>\n<li style=\"margin-bottom: 8px;\"><strong>Die Benutzer sollten nie raten m\u00fcssen, was echt ist<\/strong><\/li>\n<\/ul>\n<p style=\"margin: 0 0 20px;\">\n    Deshalb ist alles, was wir ver\u00f6ffentlichen, auf Klarheit, Ehrlichkeit und echte Tests ausgerichtet.\n  <\/p>\n<h2 style=\"font-size: 28px; margin: 42px 0 16px; font-weight: 800; color: #0f172a;\">\n    F\u00fcr wen ist das?<br \/>\n  <\/h2>\n<p style=\"margin: 0 0 18px;\">\n    AIReviewLab wurde entwickelt f\u00fcr:\n  <\/p>\n<ul style=\"margin: 0 0 24px 22px; padding: 0; color: #334155;\">\n<li style=\"margin-bottom: 8px;\">Kreative auf der Suche nach den besten KI-Tools<\/li>\n<li style=\"margin-bottom: 8px;\">Fachleute erforschen Produktivit\u00e4tstools<\/li>\n<li style=\"margin-bottom: 8px;\">Unternehmen, die KI-L\u00f6sungen evaluieren<\/li>\n<li style=\"margin-bottom: 8px;\">Hat jemand genug von voreingenommenen \u201cTop 10\u201d-Listen?<\/li>\n<\/ul>\n<h2 style=\"font-size: 28px; margin: 42px 0 16px; font-weight: 800; color: #0f172a;\">\n    Schlusswort<br \/>\n  <\/h2>\n<p style=\"margin: 0 0 20px;\">\n    Wenn Sie auf der Suche nach KI-Tools sind, die tats\u00e4chlich etwas leisten - und nicht nur etwas versprechen -, sind Sie hier genau richtig.\n  <\/p>\n<div style=\"margin-top: 40px; padding: 20px 22px; background: #f8fafc; border: 1px solid #e2e8f0; border-radius: 12px;\">\n<p style=\"margin: 0; color: #334155;\">\n      <strong>Unser Engagement:<\/strong> Wir akzeptieren keine bezahlten Rankings oder gesponserte Platzierungen in unseren Bewertungen. Unser Ziel ist es, genaue und zuverl\u00e4ssige Informationen zu liefern, denen Sie vertrauen k\u00f6nnen.\n    <\/p>\n<\/p><\/div>\n<\/section>","protected":false},"excerpt":{"rendered":"<p>About AIReviewLab At AIReviewLab, we focus on one thing: publishing honest, real-world reviews of AI tools. In a space filled with hype, affiliate bias, and recycled content, we believe users deserve something better\u2014clear, tested, and trustworthy insights. Our Mission Our mission is simple: help you find AI tools that actually work. We don\u2019t chase trends. [&hellip;]<\/p>\n","protected":false},"author":1,"featured_media":0,"parent":0,"menu_order":0,"comment_status":"closed","ping_status":"closed","template":"","meta":{"_seopress_robots_primary_cat":"","_seopress_titles_title":"","_seopress_titles_desc":"","_seopress_robots_index":"","_uag_custom_page_level_css":"","footnotes":""},"class_list":["post-1578","page","type-page","status-publish","hentry"],"_hostinger_reach_plugin_has_subscription_block":false,"_hostinger_reach_plugin_is_elementor":false,"uagb_featured_image_src":{"full":false,"thumbnail":false,"medium":false,"medium_large":false,"large":false,"1536x1536":false,"2048x2048":false,"trp-custom-language-flag":false},"uagb_author_info":{"display_name":"Claude Delacroix","author_link":"https:\/\/aireviewlab.io\/de\/author\/cloud-han03gmail-com\/"},"uagb_comment_info":0,"uagb_excerpt":"About AIReviewLab At AIReviewLab, we focus on one thing: publishing honest, real-world reviews of AI tools. In a space filled with hype, affiliate bias, and recycled content, we believe users deserve something better\u2014clear, tested, and trustworthy insights. Our Mission Our mission is simple: help you find AI tools that actually work. We don\u2019t chase trends.&hellip;","_links":{"self":[{"href":"https:\/\/aireviewlab.io\/de\/wp-json\/wp\/v2\/pages\/1578","targetHints":{"allow":["GET"]}}],"collection":[{"href":"https:\/\/aireviewlab.io\/de\/wp-json\/wp\/v2\/pages"}],"about":[{"href":"https:\/\/aireviewlab.io\/de\/wp-json\/wp\/v2\/types\/page"}],"author":[{"embeddable":true,"href":"https:\/\/aireviewlab.io\/de\/wp-json\/wp\/v2\/users\/1"}],"replies":[{"embeddable":true,"href":"https:\/\/aireviewlab.io\/de\/wp-json\/wp\/v2\/comments?post=1578"}],"version-history":[{"count":1,"href":"https:\/\/aireviewlab.io\/de\/wp-json\/wp\/v2\/pages\/1578\/revisions"}],"predecessor-version":[{"id":2263,"href":"https:\/\/aireviewlab.io\/de\/wp-json\/wp\/v2\/pages\/1578\/revisions\/2263"}],"wp:attachment":[{"href":"https:\/\/aireviewlab.io\/de\/wp-json\/wp\/v2\/media?parent=1578"}],"curies":[{"name":"wp","href":"https:\/\/api.w.org\/{rel}","templated":true}]}}